{"id":1661,"date":"2025-06-26T19:19:13","date_gmt":"2025-06-26T19:19:13","guid":{"rendered":"https:\/\/ambire.sinergiapublicidad.co\/?page_id=1661"},"modified":"2025-08-19T22:23:45","modified_gmt":"2025-08-19T22:23:45","slug":"economia-circular","status":"publish","type":"page","link":"https:\/\/ambireglobal.com\/es\/economia-circular\/","title":{"rendered":"Econom\u00eda Circular"},"content":{"rendered":"\t\t<div data-elementor-type=\"wp-page\" data-elementor-id=\"1661\" class=\"elementor elementor-1661\">\n\t\t\t\t<div class=\"elementor-element elementor-element-6a82721 e-flex e-con-boxed e-con e-parent\" data-id=\"6a82721\" data-element_type=\"container\">\n\t\t\t\t\t<div class=\"e-con-inner\">\n\t\t\t\t<div class=\"elementor-element elementor-element-c352d88 elementor-hidden-desktop elementor-hidden-tablet elementor-hidden-mobile elementor-widget elementor-widget-heading\" data-id=\"c352d88\" data-element_type=\"widget\" data-widget_type=\"heading.default\">\n\t\t\t\t<div class=\"elementor-widget-container\">\n\t\t\t\t\t<h2 class=\"elementor-heading-title elementor-size-default\">Econom\u00eda Circular<\/h2>\t\t\t\t<\/div>\n\t\t\t\t<\/div>\n\t\t<div class=\"elementor-element elementor-element-1700083 e-con-full e-flex e-con e-child\" data-id=\"1700083\" data-element_type=\"container\">\n\t\t<div class=\"elementor-element elementor-element-be374f1 e-con-full e-flex e-con e-child\" data-id=\"be374f1\" data-element_type=\"container\">\n\t\t<div class=\"elementor-element elementor-element-ed8f1c7 e-con-full e-flex e-con e-child\" data-id=\"ed8f1c7\" data-element_type=\"container\">\n\t\t<div class=\"elementor-element elementor-element-f5c30e3 e-con-full e-flex elementor-invisible e-con e-child\" data-id=\"f5c30e3\" data-element_type=\"container\" data-settings=\"{&quot;animation&quot;:&quot;fadeInUp&quot;}\">\n\t\t\t\t<div class=\"elementor-element elementor-element-94cb2f2 elementor-icon-list--layout-traditional elementor-list-item-link-full_width elementor-widget elementor-widget-icon-list\" data-id=\"94cb2f2\" data-element_type=\"widget\" data-widget_type=\"icon-list.default\">\n\t\t\t\t<div class=\"elementor-widget-container\">\n\t\t\t\t\t\t\t<ul class=\"elementor-icon-list-items\">\n\t\t\t\t\t\t\t<li class=\"elementor-icon-list-item\">\n\t\t\t\t\t\t\t\t\t\t\t<span class=\"elementor-icon-list-icon\">\n\t\t\t\t\t\t\t<i aria-hidden=\"true\" class=\" icon-checkmark\"><\/i>\t\t\t\t\t\t<\/span>\n\t\t\t\t\t\t\t\t\t\t<span class=\"elementor-icon-list-text\">Estudios t\u00e9cnicos, econ\u00f3micos y financieros de factibilidad para el manejo de residuos org\u00e1nicos o aprovechables como el pl\u00e1stico.<\/span>\n\t\t\t\t\t\t\t\t\t<\/li>\n\t\t\t\t\t\t\t\t<li class=\"elementor-icon-list-item\">\n\t\t\t\t\t\t\t\t\t\t\t<span class=\"elementor-icon-list-icon\">\n\t\t\t\t\t\t\t<i aria-hidden=\"true\" class=\" icon-checkmark\"><\/i>\t\t\t\t\t\t<\/span>\n\t\t\t\t\t\t\t\t\t\t<span class=\"elementor-icon-list-text\">Medici\u00f3n y desarrollo de estrategias de circularidad<\/span>\n\t\t\t\t\t\t\t\t\t<\/li>\n\t\t\t\t\t\t\t\t<li class=\"elementor-icon-list-item\">\n\t\t\t\t\t\t\t\t\t\t\t<span class=\"elementor-icon-list-icon\">\n\t\t\t\t\t\t\t<i aria-hidden=\"true\" class=\" icon-checkmark\"><\/i>\t\t\t\t\t\t<\/span>\n\t\t\t\t\t\t\t\t\t\t<span class=\"elementor-icon-list-text\">An\u00e1lisis de flujos de masa y procesos para sistemas de residuos<\/span>\n\t\t\t\t\t\t\t\t\t<\/li>\n\t\t\t\t\t\t\t\t<li class=\"elementor-icon-list-item\">\n\t\t\t\t\t\t\t\t\t\t\t<span class=\"elementor-icon-list-icon\">\n\t\t\t\t\t\t\t<i aria-hidden=\"true\" class=\" icon-checkmark\"><\/i>\t\t\t\t\t\t<\/span>\n\t\t\t\t\t\t\t\t\t\t<span class=\"elementor-icon-list-text\">Optimizaci\u00f3n de las cadenas de suministro<\/span>\n\t\t\t\t\t\t\t\t\t<\/li>\n\t\t\t\t\t\t\t\t<li class=\"elementor-icon-list-item\">\n\t\t\t\t\t\t\t\t\t\t\t<span class=\"elementor-icon-list-icon\">\n\t\t\t\t\t\t\t<i aria-hidden=\"true\" class=\" icon-checkmark\"><\/i>\t\t\t\t\t\t<\/span>\n\t\t\t\t\t\t\t\t\t\t<span class=\"elementor-icon-list-text\">Implementaci\u00f3n de Esquemas de Responsabilidad Extendida del Productor<\/span>\n\t\t\t\t\t\t\t\t\t<\/li>\n\t\t\t\t\t\t\t\t<li class=\"elementor-icon-list-item\">\n\t\t\t\t\t\t\t\t\t\t\t<span class=\"elementor-icon-list-icon\">\n\t\t\t\t\t\t\t<i aria-hidden=\"true\" class=\" icon-checkmark\"><\/i>\t\t\t\t\t\t<\/span>\n\t\t\t\t\t\t\t\t\t\t<span class=\"elementor-icon-list-text\">Gesti\u00f3n de pl\u00e1sticos e inclusi\u00f3n de recicladores<\/span>\n\t\t\t\t\t\t\t\t\t<\/li>\n\t\t\t\t\t\t\t\t<li class=\"elementor-icon-list-item\">\n\t\t\t\t\t\t\t\t\t\t\t<span class=\"elementor-icon-list-icon\">\n\t\t\t\t\t\t\t<i aria-hidden=\"true\" class=\" icon-checkmark\"><\/i>\t\t\t\t\t\t<\/span>\n\t\t\t\t\t\t\t\t\t\t<span class=\"elementor-icon-list-text\">Dise\u00f1o de sistemas integrales de residuos s\u00f3lidos<\/span>\n\t\t\t\t\t\t\t\t\t<\/li>\n\t\t\t\t\t\t\t\t<li class=\"elementor-icon-list-item\">\n\t\t\t\t\t\t\t\t\t\t\t<span class=\"elementor-icon-list-icon\">\n\t\t\t\t\t\t\t<i aria-hidden=\"true\" class=\" icon-checkmark\"><\/i>\t\t\t\t\t\t<\/span>\n\t\t\t\t\t\t\t\t\t\t<span class=\"elementor-icon-list-text\">Auditorias y reportes sobre econom\u00eda circular, entre otros<\/span>\n\t\t\t\t\t\t\t\t\t<\/li>\n\t\t\t\t\t\t<\/ul>\n\t\t\t\t\t\t<\/div>\n\t\t\t\t<\/div>\n\t\t\t\t<\/div>\n\t\t\t\t<\/div>\n\t\t\t\t<\/div>\n\t\t<div class=\"elementor-element elementor-element-fb8242f e-con-full e-grid e-con e-child\" data-id=\"fb8242f\" data-element_type=\"container\">\n\t\t\t\t<div class=\"elementor-element elementor-element-18b0218 elementor-widget elementor-widget-image\" data-id=\"18b0218\" data-element_type=\"widget\" data-widget_type=\"image.default\">\n\t\t\t\t<div class=\"elementor-widget-container\">\n\t\t\t\t\t\t\t\t\t\t\t\t\t\t\t\t<a href=\"https:\/\/ambireglobal.com\/wp-content\/uploads\/2025\/06\/Clocc.jpg\" data-elementor-open-lightbox=\"yes\" data-elementor-lightbox-title=\"Clocc\" data-e-action-hash=\"#elementor-action%3Aaction%3Dlightbox%26settings%3DeyJpZCI6MTY2OCwidXJsIjoiaHR0cHM6XC9cL2FtYmlyZWdsb2JhbC5jb21cL3dwLWNvbnRlbnRcL3VwbG9hZHNcLzIwMjVcLzA2XC9DbG9jYy5qcGcifQ%3D%3D\">\n\t\t\t\t\t\t\t<img fetchpriority=\"high\" decoding=\"async\" width=\"640\" height=\"427\" src=\"https:\/\/ambireglobal.com\/wp-content\/uploads\/2025\/06\/Clocc-1024x683.jpg\" class=\"attachment-large size-large wp-image-1668\" alt=\"\" srcset=\"https:\/\/ambireglobal.com\/wp-content\/uploads\/2025\/06\/Clocc-1024x683.jpg 1024w, https:\/\/ambireglobal.com\/wp-content\/uploads\/2025\/06\/Clocc-300x200.jpg 300w, https:\/\/ambireglobal.com\/wp-content\/uploads\/2025\/06\/Clocc-768x512.jpg 768w, https:\/\/ambireglobal.com\/wp-content\/uploads\/2025\/06\/Clocc-600x400.jpg 600w, https:\/\/ambireglobal.com\/wp-content\/uploads\/2025\/06\/Clocc-1536x1024.jpg 1536w, https:\/\/ambireglobal.com\/wp-content\/uploads\/2025\/06\/Clocc-570x380.jpg 570w, https:\/\/ambireglobal.com\/wp-content\/uploads\/2025\/06\/Clocc.jpg 1920w\" sizes=\"(max-width: 640px) 100vw, 640px\" \/>\t\t\t\t\t\t\t\t<\/a>\n\t\t\t\t\t\t\t\t\t\t\t\t\t\t\t<\/div>\n\t\t\t\t<\/div>\n\t\t\t\t<div class=\"elementor-element elementor-element-76c3886 elementor-widget elementor-widget-image\" data-id=\"76c3886\" data-element_type=\"widget\" data-widget_type=\"image.default\">\n\t\t\t\t<div class=\"elementor-widget-container\">\n\t\t\t\t\t\t\t\t\t\t\t\t\t\t\t\t<a href=\"https:\/\/ambireglobal.com\/wp-content\/uploads\/2025\/06\/Clocc1.jpg\" data-elementor-open-lightbox=\"yes\" data-elementor-lightbox-title=\"Clocc1\" data-e-action-hash=\"#elementor-action%3Aaction%3Dlightbox%26settings%3DeyJpZCI6MTY2OSwidXJsIjoiaHR0cHM6XC9cL2FtYmlyZWdsb2JhbC5jb21cL3dwLWNvbnRlbnRcL3VwbG9hZHNcLzIwMjVcLzA2XC9DbG9jYzEuanBnIn0%3D\">\n\t\t\t\t\t\t\t<img decoding=\"async\" width=\"300\" height=\"200\" src=\"https:\/\/ambireglobal.com\/wp-content\/uploads\/2025\/06\/Clocc1-300x200.jpg\" class=\"attachment-medium size-medium wp-image-1669\" alt=\"\" srcset=\"https:\/\/ambireglobal.com\/wp-content\/uploads\/2025\/06\/Clocc1-300x200.jpg 300w, https:\/\/ambireglobal.com\/wp-content\/uploads\/2025\/06\/Clocc1-1024x683.jpg 1024w, https:\/\/ambireglobal.com\/wp-content\/uploads\/2025\/06\/Clocc1-768x512.jpg 768w, https:\/\/ambireglobal.com\/wp-content\/uploads\/2025\/06\/Clocc1-600x400.jpg 600w, https:\/\/ambireglobal.com\/wp-content\/uploads\/2025\/06\/Clocc1-1536x1024.jpg 1536w, https:\/\/ambireglobal.com\/wp-content\/uploads\/2025\/06\/Clocc1-570x380.jpg 570w, https:\/\/ambireglobal.com\/wp-content\/uploads\/2025\/06\/Clocc1.jpg 1920w\" sizes=\"(max-width: 300px) 100vw, 300px\" \/>\t\t\t\t\t\t\t\t<\/a>\n\t\t\t\t\t\t\t\t\t\t\t\t\t\t\t<\/div>\n\t\t\t\t<\/div>\n\t\t\t\t<div class=\"elementor-element elementor-element-9f4221a elementor-widget elementor-widget-image\" data-id=\"9f4221a\" data-element_type=\"widget\" data-widget_type=\"image.default\">\n\t\t\t\t<div class=\"elementor-widget-container\">\n\t\t\t\t\t\t\t\t\t\t\t\t\t\t\t\t<a href=\"https:\/\/ambireglobal.com\/wp-content\/uploads\/2025\/08\/Ecuador-1.jpg\" data-elementor-open-lightbox=\"yes\" data-elementor-lightbox-title=\"Ecuador\" data-e-action-hash=\"#elementor-action%3Aaction%3Dlightbox%26settings%3DeyJpZCI6MzI4NiwidXJsIjoiaHR0cHM6XC9cL2FtYmlyZWdsb2JhbC5jb21cL3dwLWNvbnRlbnRcL3VwbG9hZHNcLzIwMjVcLzA4XC9FY3VhZG9yLTEuanBnIn0%3D\">\n\t\t\t\t\t\t\t<img decoding=\"async\" width=\"300\" height=\"200\" src=\"https:\/\/ambireglobal.com\/wp-content\/uploads\/2025\/08\/Ecuador-1-300x200.jpg\" class=\"attachment-medium size-medium wp-image-3286\" alt=\"\" srcset=\"https:\/\/ambireglobal.com\/wp-content\/uploads\/2025\/08\/Ecuador-1-300x200.jpg 300w, https:\/\/ambireglobal.com\/wp-content\/uploads\/2025\/08\/Ecuador-1-1024x683.jpg 1024w, https:\/\/ambireglobal.com\/wp-content\/uploads\/2025\/08\/Ecuador-1-768x512.jpg 768w, https:\/\/ambireglobal.com\/wp-content\/uploads\/2025\/08\/Ecuador-1.jpg 1366w\" sizes=\"(max-width: 300px) 100vw, 300px\" \/>\t\t\t\t\t\t\t\t<\/a>\n\t\t\t\t\t\t\t\t\t\t\t\t\t\t\t<\/div>\n\t\t\t\t<\/div>\n\t\t\t\t<div class=\"elementor-element elementor-element-9db5c5d elementor-widget elementor-widget-image\" data-id=\"9db5c5d\" data-element_type=\"widget\" data-widget_type=\"image.default\">\n\t\t\t\t<div class=\"elementor-widget-container\">\n\t\t\t\t\t\t\t\t\t\t\t\t\t\t\t\t<a href=\"https:\/\/ambireglobal.com\/wp-content\/uploads\/2025\/06\/SWECO-1.jpg\" data-elementor-open-lightbox=\"yes\" data-elementor-lightbox-title=\"SWECO\" data-e-action-hash=\"#elementor-action%3Aaction%3Dlightbox%26settings%3DeyJpZCI6MTY5MSwidXJsIjoiaHR0cHM6XC9cL2FtYmlyZWdsb2JhbC5jb21cL3dwLWNvbnRlbnRcL3VwbG9hZHNcLzIwMjVcLzA2XC9TV0VDTy0xLmpwZyJ9\">\n\t\t\t\t\t\t\t<img loading=\"lazy\" decoding=\"async\" width=\"300\" height=\"200\" src=\"https:\/\/ambireglobal.com\/wp-content\/uploads\/2025\/06\/SWECO-1-300x200.jpg\" class=\"attachment-medium size-medium wp-image-1691\" alt=\"\" srcset=\"https:\/\/ambireglobal.com\/wp-content\/uploads\/2025\/06\/SWECO-1-300x200.jpg 300w, https:\/\/ambireglobal.com\/wp-content\/uploads\/2025\/06\/SWECO-1-1024x683.jpg 1024w, https:\/\/ambireglobal.com\/wp-content\/uploads\/2025\/06\/SWECO-1-768x512.jpg 768w, https:\/\/ambireglobal.com\/wp-content\/uploads\/2025\/06\/SWECO-1-600x400.jpg 600w, https:\/\/ambireglobal.com\/wp-content\/uploads\/2025\/06\/SWECO-1-1536x1024.jpg 1536w, https:\/\/ambireglobal.com\/wp-content\/uploads\/2025\/06\/SWECO-1-570x380.jpg 570w, https:\/\/ambireglobal.com\/wp-content\/uploads\/2025\/06\/SWECO-1.jpg 1920w\" sizes=\"(max-width: 300px) 100vw, 300px\" \/>\t\t\t\t\t\t\t\t<\/a>\n\t\t\t\t\t\t\t\t\t\t\t\t\t\t\t<\/div>\n\t\t\t\t<\/div>\n\t\t\t\t<\/div>\n\t\t\t\t<\/div>\n\t\t\t\t\t<\/div>\n\t\t\t\t<\/div>\n\t\t<div class=\"elementor-element elementor-element-48a202b e-flex e-con-boxed e-con e-parent\" data-id=\"48a202b\" data-element_type=\"container\" data-settings=\"{&quot;background_background&quot;:&quot;classic&quot;}\">\n\t\t\t\t\t<div class=\"e-con-inner\">\n\t\t\t\t<div class=\"elementor-element elementor-element-5bf5b5c elementor-widget elementor-widget-heading\" data-id=\"5bf5b5c\" data-element_type=\"widget\" data-widget_type=\"heading.default\">\n\t\t\t\t<div class=\"elementor-widget-container\">\n\t\t\t\t\t<h3 class=\"elementor-heading-title elementor-size-default\">Gesti\u00f3n de residuos<\/h3>\t\t\t\t<\/div>\n\t\t\t\t<\/div>\n\t\t\t\t<div class=\"elementor-element elementor-element-3ff88d4 elementor-widget elementor-widget-heading\" data-id=\"3ff88d4\" data-element_type=\"widget\" data-widget_type=\"heading.default\">\n\t\t\t\t<div class=\"elementor-widget-container\">\n\t\t\t\t\t<h5 class=\"elementor-heading-title elementor-size-default\">Nuestra experiencia <\/h5>\t\t\t\t<\/div>\n\t\t\t\t<\/div>\n\t\t<div class=\"elementor-element elementor-element-af85481 e-con-full e-flex e-con e-child\" data-id=\"af85481\" data-element_type=\"container\">\n\t\t<div class=\"elementor-element elementor-element-f6f74db e-con-full e-flex e-con e-child\" data-id=\"f6f74db\" data-element_type=\"container\">\n\t\t\t\t<div class=\"elementor-element elementor-element-f2c2318 elementor-widget elementor-widget-text-editor\" data-id=\"f2c2318\" data-element_type=\"widget\" data-widget_type=\"text-editor.default\">\n\t\t\t\t<div class=\"elementor-widget-container\">\n\t\t\t\t\t\t\t\t\tAmbire Global tiene experiencia en el dise\u00f1o, implementaci\u00f3n y operaci\u00f3n de sistemas sostenibles de gesti\u00f3n de residuos, incluidos el compostaje, la digesti\u00f3n anaer\u00f3bica, rellenos sanitarios, las estaciones de clasificaci\u00f3n y aprovechamiento (ECAs), entre otros. Tambi\u00e9n, ha estado involucrado en la implementaci\u00f3n de sistemas REP, desarrollo de modelos de negocios para sistemas de tratamiento de residuos municipales, implementaci\u00f3n de sistemas Cr\u00e9ditos de Pl\u00e1sticos y el desarrollo de pol\u00edticas de econom\u00eda circular a nivel mundial.\n<ul>\n \t<li>Gesti\u00f3n de pl\u00e1sticos<\/li>\n \t<li>Enfoque de g\u00e9nero<\/li>\n \t<li>Biodigestores<\/li>\n \t<li>ECAs<\/li>\n \t<li>Gesti\u00f3n de residuos org\u00e1nicos<\/li>\n<\/ul>\t\t\t\t\t\t\t\t<\/div>\n\t\t\t\t<\/div>\n\t\t\t\t<\/div>\n\t\t<div class=\"elementor-element elementor-element-806dcc8 e-con-full e-flex e-con e-child\" data-id=\"806dcc8\" data-element_type=\"container\">\n\t\t<div class=\"elementor-element elementor-element-df23255 e-con-full e-flex e-con e-child\" data-id=\"df23255\" data-element_type=\"container\">\n\t\t\t\t<div class=\"elementor-element elementor-element-4a5702f elementor-widget elementor-widget-image\" data-id=\"4a5702f\" data-element_type=\"widget\" data-widget_type=\"image.default\">\n\t\t\t\t<div class=\"elementor-widget-container\">\n\t\t\t\t\t\t\t\t\t\t\t\t\t\t\t\t<a href=\"https:\/\/ambireglobal.com\/wp-content\/uploads\/2025\/06\/gestion-residuos-3.jpg\" data-elementor-open-lightbox=\"yes\" data-elementor-lightbox-title=\"gestion-residuos-3\" data-e-action-hash=\"#elementor-action%3Aaction%3Dlightbox%26settings%3DeyJpZCI6MTcxOSwidXJsIjoiaHR0cHM6XC9cL2FtYmlyZWdsb2JhbC5jb21cL3dwLWNvbnRlbnRcL3VwbG9hZHNcLzIwMjVcLzA2XC9nZXN0aW9uLXJlc2lkdW9zLTMuanBnIn0%3D\">\n\t\t\t\t\t\t\t<img loading=\"lazy\" decoding=\"async\" width=\"640\" height=\"480\" src=\"https:\/\/ambireglobal.com\/wp-content\/uploads\/2025\/06\/gestion-residuos-3-1024x768.jpg\" class=\"attachment-large size-large wp-image-1719\" alt=\"\" srcset=\"https:\/\/ambireglobal.com\/wp-content\/uploads\/2025\/06\/gestion-residuos-3-1024x768.jpg 1024w, https:\/\/ambireglobal.com\/wp-content\/uploads\/2025\/06\/gestion-residuos-3-300x225.jpg 300w, https:\/\/ambireglobal.com\/wp-content\/uploads\/2025\/06\/gestion-residuos-3-768x576.jpg 768w, https:\/\/ambireglobal.com\/wp-content\/uploads\/2025\/06\/gestion-residuos-3-570x428.jpg 570w, https:\/\/ambireglobal.com\/wp-content\/uploads\/2025\/06\/gestion-residuos-3.jpg 1280w\" sizes=\"(max-width: 640px) 100vw, 640px\" \/>\t\t\t\t\t\t\t\t<\/a>\n\t\t\t\t\t\t\t\t\t\t\t\t\t\t\t<\/div>\n\t\t\t\t<\/div>\n\t\t\t\t<div class=\"elementor-element elementor-element-989027c elementor-widget elementor-widget-image\" data-id=\"989027c\" data-element_type=\"widget\" data-widget_type=\"image.default\">\n\t\t\t\t<div class=\"elementor-widget-container\">\n\t\t\t\t\t\t\t\t\t\t\t\t\t\t\t\t<a href=\"https:\/\/ambireglobal.com\/wp-content\/uploads\/2025\/06\/gestion-residuos-2.jpg\" data-elementor-open-lightbox=\"yes\" data-elementor-lightbox-title=\"gestion-residuos-2\" data-e-action-hash=\"#elementor-action%3Aaction%3Dlightbox%26settings%3DeyJpZCI6MTcxOCwidXJsIjoiaHR0cHM6XC9cL2FtYmlyZWdsb2JhbC5jb21cL3dwLWNvbnRlbnRcL3VwbG9hZHNcLzIwMjVcLzA2XC9nZXN0aW9uLXJlc2lkdW9zLTIuanBnIn0%3D\">\n\t\t\t\t\t\t\t<img loading=\"lazy\" decoding=\"async\" width=\"640\" height=\"853\" src=\"https:\/\/ambireglobal.com\/wp-content\/uploads\/2025\/06\/gestion-residuos-2-768x1024.jpg\" class=\"attachment-large size-large wp-image-1718\" alt=\"\" srcset=\"https:\/\/ambireglobal.com\/wp-content\/uploads\/2025\/06\/gestion-residuos-2-768x1024.jpg 768w, https:\/\/ambireglobal.com\/wp-content\/uploads\/2025\/06\/gestion-residuos-2-225x300.jpg 225w, https:\/\/ambireglobal.com\/wp-content\/uploads\/2025\/06\/gestion-residuos-2-1152x1536.jpg 1152w, https:\/\/ambireglobal.com\/wp-content\/uploads\/2025\/06\/gestion-residuos-2-570x760.jpg 570w, https:\/\/ambireglobal.com\/wp-content\/uploads\/2025\/06\/gestion-residuos-2.jpg 1440w\" sizes=\"(max-width: 640px) 100vw, 640px\" \/>\t\t\t\t\t\t\t\t<\/a>\n\t\t\t\t\t\t\t\t\t\t\t\t\t\t\t<\/div>\n\t\t\t\t<\/div>\n\t\t\t\t<\/div>\n\t\t<div class=\"elementor-element elementor-element-90ba219 e-con-full e-flex e-con e-child\" data-id=\"90ba219\" data-element_type=\"container\">\n\t\t\t\t<div class=\"elementor-element elementor-element-8115897 elementor-widget elementor-widget-image\" data-id=\"8115897\" data-element_type=\"widget\" data-widget_type=\"image.default\">\n\t\t\t\t<div class=\"elementor-widget-container\">\n\t\t\t\t\t\t\t\t\t\t\t\t\t\t\t\t<a href=\"https:\/\/ambireglobal.com\/wp-content\/uploads\/2025\/06\/gestion-residuos-4.jpg\" data-elementor-open-lightbox=\"yes\" data-elementor-lightbox-title=\"gestion-residuos-4\" data-e-action-hash=\"#elementor-action%3Aaction%3Dlightbox%26settings%3DeyJpZCI6MTcyMCwidXJsIjoiaHR0cHM6XC9cL2FtYmlyZWdsb2JhbC5jb21cL3dwLWNvbnRlbnRcL3VwbG9hZHNcLzIwMjVcLzA2XC9nZXN0aW9uLXJlc2lkdW9zLTQuanBnIn0%3D\">\n\t\t\t\t\t\t\t<img loading=\"lazy\" decoding=\"async\" width=\"640\" height=\"853\" src=\"https:\/\/ambireglobal.com\/wp-content\/uploads\/2025\/06\/gestion-residuos-4-768x1024.jpg\" class=\"attachment-large size-large wp-image-1720\" alt=\"\" srcset=\"https:\/\/ambireglobal.com\/wp-content\/uploads\/2025\/06\/gestion-residuos-4-768x1024.jpg 768w, https:\/\/ambireglobal.com\/wp-content\/uploads\/2025\/06\/gestion-residuos-4-225x300.jpg 225w, https:\/\/ambireglobal.com\/wp-content\/uploads\/2025\/06\/gestion-residuos-4-570x760.jpg 570w, https:\/\/ambireglobal.com\/wp-content\/uploads\/2025\/06\/gestion-residuos-4.jpg 960w\" sizes=\"(max-width: 640px) 100vw, 640px\" \/>\t\t\t\t\t\t\t\t<\/a>\n\t\t\t\t\t\t\t\t\t\t\t\t\t\t\t<\/div>\n\t\t\t\t<\/div>\n\t\t\t\t<div class=\"elementor-element elementor-element-11fe0f5 elementor-widget elementor-widget-image\" data-id=\"11fe0f5\" data-element_type=\"widget\" data-widget_type=\"image.default\">\n\t\t\t\t<div class=\"elementor-widget-container\">\n\t\t\t\t\t\t\t\t\t\t\t\t\t\t\t\t<a href=\"https:\/\/ambireglobal.com\/wp-content\/uploads\/2025\/06\/gestion-residuos-1.jpg\" data-elementor-open-lightbox=\"yes\" data-elementor-lightbox-title=\"gestion-residuos-1\" data-e-action-hash=\"#elementor-action%3Aaction%3Dlightbox%26settings%3DeyJpZCI6MTcxNywidXJsIjoiaHR0cHM6XC9cL2FtYmlyZWdsb2JhbC5jb21cL3dwLWNvbnRlbnRcL3VwbG9hZHNcLzIwMjVcLzA2XC9nZXN0aW9uLXJlc2lkdW9zLTEuanBnIn0%3D\">\n\t\t\t\t\t\t\t<img loading=\"lazy\" decoding=\"async\" width=\"640\" height=\"480\" src=\"https:\/\/ambireglobal.com\/wp-content\/uploads\/2025\/06\/gestion-residuos-1.jpg\" class=\"attachment-large size-large wp-image-1717\" alt=\"\" srcset=\"https:\/\/ambireglobal.com\/wp-content\/uploads\/2025\/06\/gestion-residuos-1.jpg 1024w, https:\/\/ambireglobal.com\/wp-content\/uploads\/2025\/06\/gestion-residuos-1-300x225.jpg 300w, https:\/\/ambireglobal.com\/wp-content\/uploads\/2025\/06\/gestion-residuos-1-768x576.jpg 768w, https:\/\/ambireglobal.com\/wp-content\/uploads\/2025\/06\/gestion-residuos-1-570x428.jpg 570w\" sizes=\"(max-width: 640px) 100vw, 640px\" \/>\t\t\t\t\t\t\t\t<\/a>\n\t\t\t\t\t\t\t\t\t\t\t\t\t\t\t<\/div>\n\t\t\t\t<\/div>\n\t\t\t\t<\/div>\n\t\t\t\t<\/div>\n\t\t\t\t<\/div>\n\t\t\t\t\t<\/div>\n\t\t\t\t<\/div>\n\t\t\t\t<\/div>\n\t\t","protected":false},"excerpt":{"rendered":"<p>Econom\u00eda Circular Estudios t\u00e9cnicos, econ\u00f3micos y financieros de factibilidad para el manejo de residuos org\u00e1nicos o aprovechables como el pl\u00e1stico. Medici\u00f3n y desarrollo de estrategias de circularidad An\u00e1lisis de flujos de masa y procesos para sistemas de residuos Optimizaci\u00f3n de las cadenas de suministro Implementaci\u00f3n de Esquemas de Responsabilidad Extendida del Productor Gesti\u00f3n de pl\u00e1sticos [&hellip;]<\/p>\n","protected":false},"author":1,"featured_media":0,"parent":0,"menu_order":0,"comment_status":"closed","ping_status":"closed","template":"elementor_header_footer","meta":{"inline_featured_image":false,"footnotes":""},"class_list":["post-1661","page","type-page","status-publish","hentry"],"_links":{"self":[{"href":"https:\/\/ambireglobal.com\/es\/wp-json\/wp\/v2\/pages\/1661","targetHints":{"allow":["GET"]}}],"collection":[{"href":"https:\/\/ambireglobal.com\/es\/wp-json\/wp\/v2\/pages"}],"about":[{"href":"https:\/\/ambireglobal.com\/es\/wp-json\/wp\/v2\/types\/page"}],"author":[{"embeddable":true,"href":"https:\/\/ambireglobal.com\/es\/wp-json\/wp\/v2\/users\/1"}],"replies":[{"embeddable":true,"href":"https:\/\/ambireglobal.com\/es\/wp-json\/wp\/v2\/comments?post=1661"}],"version-history":[{"count":77,"href":"https:\/\/ambireglobal.com\/es\/wp-json\/wp\/v2\/pages\/1661\/revisions"}],"predecessor-version":[{"id":3332,"href":"https:\/\/ambireglobal.com\/es\/wp-json\/wp\/v2\/pages\/1661\/revisions\/3332"}],"wp:attachment":[{"href":"https:\/\/ambireglobal.com\/es\/wp-json\/wp\/v2\/media?parent=1661"}],"curies":[{"name":"wp","href":"https:\/\/api.w.org\/{rel}","templated":true}]}}