{"id":2124,"date":"2025-07-18T22:20:37","date_gmt":"2025-07-18T22:20:37","guid":{"rendered":"https:\/\/ambire.sinergiapublicidad.co\/?page_id=2124"},"modified":"2025-11-18T17:03:45","modified_gmt":"2025-11-18T17:03:45","slug":"fundacion-ambire-global","status":"publish","type":"page","link":"https:\/\/ambireglobal.com\/es\/fundacion-ambire-global\/","title":{"rendered":"Fundaci\u00f3n Ambire Global"},"content":{"rendered":"\t\t<div data-elementor-type=\"wp-page\" data-elementor-id=\"2124\" class=\"elementor elementor-2124\">\n\t\t\t\t<div class=\"elementor-element elementor-element-5cb51d4 e-flex e-con-boxed e-con e-parent\" data-id=\"5cb51d4\" data-element_type=\"container\">\n\t\t\t\t\t<div class=\"e-con-inner\">\n\t\t<div class=\"elementor-element elementor-element-b5bdaac e-con-full e-flex e-con e-child\" data-id=\"b5bdaac\" data-element_type=\"container\" data-settings=\"{&quot;background_background&quot;:&quot;classic&quot;}\">\n\t\t<div class=\"elementor-element elementor-element-5aed758 e-con-full e-flex e-con e-child\" data-id=\"5aed758\" data-element_type=\"container\">\n\t\t\t\t<div class=\"elementor-element elementor-element-3b7d5d9 elementor-widget elementor-widget-heading\" data-id=\"3b7d5d9\" data-element_type=\"widget\" data-widget_type=\"heading.default\">\n\t\t\t\t<div class=\"elementor-widget-container\">\n\t\t\t\t\t<h2 class=\"elementor-heading-title elementor-size-default\">Conoce la Fundaci\u00f3n Ambire Global<\/h2>\t\t\t\t<\/div>\n\t\t\t\t<\/div>\n\t\t\t\t<div class=\"elementor-element elementor-element-b4293e2 elementor-widget elementor-widget-text-editor\" data-id=\"b4293e2\" data-element_type=\"widget\" data-widget_type=\"text-editor.default\">\n\t\t\t\t<div class=\"elementor-widget-container\">\n\t\t\t\t\t\t\t\t\t<p>Nos emociona anunciar el lanzamiento de la Fundaci\u00f3n Ambire Global, el brazo sin \u00e1nimo de lucro del Grupo Ambire Global, creado para dise\u00f1ar e implementar soluciones de econom\u00eda circular con alto impacto social y ambiental.<\/p><p>Con la Fundaci\u00f3n, damos un paso m\u00e1s all\u00e1 del dise\u00f1o t\u00e9cnico y pasamos a la ejecuci\u00f3n en territorio, llevando a la realidad proyectos sostenibles en\u00a0<strong>Am\u00e9rica Latina, \u00c1frica y Asia<\/strong>.\u00a0<\/p><p>Como parte del\u00a0<strong>Grupo Ambire Global<\/strong>\u00a0\u2014que incluye a\u00a0<strong>Ambire Environmental SAS<\/strong>\u00a0y la\u00a0<strong>Fundaci\u00f3n Ambire Global<\/strong>\u00a0en Colombia, y\u00a0<strong>Ambire Global Inc.<\/strong>\u00a0en Panam\u00e1\u2014, esta nueva etapa se construye sobre a\u00f1os de experiencia en\u00a0<strong>econom\u00eda circular, finanzas sostenibles y estudios t\u00e9cnicos<\/strong>, trabajando siempre de la mano con las comunidades.\u00a0<\/p><p>Este nuevo cap\u00edtulo refleja nuestro compromiso con una\u00a0<strong>implementaci\u00f3n orientada al impacto<\/strong>, basada en la\u00a0<strong>excelencia t\u00e9cnica, la inclusi\u00f3n social y la justicia ambiental<\/strong>.<\/p>\t\t\t\t\t\t\t\t<\/div>\n\t\t\t\t<\/div>\n\t\t\t\t<\/div>\n\t\t\t\t<div class=\"elementor-element elementor-element-64ffa36 elementor-widget elementor-widget-image\" data-id=\"64ffa36\" data-element_type=\"widget\" data-widget_type=\"image.default\">\n\t\t\t\t<div class=\"elementor-widget-container\">\n\t\t\t\t\t\t\t\t\t\t\t\t\t\t\t<img fetchpriority=\"high\" decoding=\"async\" width=\"1920\" height=\"800\" src=\"https:\/\/ambireglobal.com\/wp-content\/uploads\/2025\/11\/economia-circular.webp\" class=\"attachment-full size-full wp-image-3650\" alt=\"\" srcset=\"https:\/\/ambireglobal.com\/wp-content\/uploads\/2025\/11\/economia-circular.webp 1920w, https:\/\/ambireglobal.com\/wp-content\/uploads\/2025\/11\/economia-circular-300x125.webp 300w, https:\/\/ambireglobal.com\/wp-content\/uploads\/2025\/11\/economia-circular-1024x427.webp 1024w, https:\/\/ambireglobal.com\/wp-content\/uploads\/2025\/11\/economia-circular-768x320.webp 768w, https:\/\/ambireglobal.com\/wp-content\/uploads\/2025\/11\/economia-circular-1536x640.webp 1536w\" sizes=\"(max-width: 1920px) 100vw, 1920px\" \/>\t\t\t\t\t\t\t\t\t\t\t\t\t\t\t<\/div>\n\t\t\t\t<\/div>\n\t\t\t\t<div class=\"elementor-element elementor-element-5aebe08 elementor-widget elementor-widget-image\" data-id=\"5aebe08\" data-element_type=\"widget\" data-widget_type=\"image.default\">\n\t\t\t\t<div class=\"elementor-widget-container\">\n\t\t\t\t\t\t\t\t\t\t\t\t\t\t\t<img decoding=\"async\" width=\"1920\" height=\"800\" src=\"https:\/\/ambireglobal.com\/wp-content\/uploads\/2025\/11\/Areas-centrales-de-accion.webp\" class=\"attachment-full size-full wp-image-3658\" alt=\"\" srcset=\"https:\/\/ambireglobal.com\/wp-content\/uploads\/2025\/11\/Areas-centrales-de-accion.webp 1920w, https:\/\/ambireglobal.com\/wp-content\/uploads\/2025\/11\/Areas-centrales-de-accion-300x125.webp 300w, https:\/\/ambireglobal.com\/wp-content\/uploads\/2025\/11\/Areas-centrales-de-accion-1024x427.webp 1024w, https:\/\/ambireglobal.com\/wp-content\/uploads\/2025\/11\/Areas-centrales-de-accion-768x320.webp 768w, https:\/\/ambireglobal.com\/wp-content\/uploads\/2025\/11\/Areas-centrales-de-accion-1536x640.webp 1536w\" sizes=\"(max-width: 1920px) 100vw, 1920px\" \/>\t\t\t\t\t\t\t\t\t\t\t\t\t\t\t<\/div>\n\t\t\t\t<\/div>\n\t\t\t\t<\/div>\n\t\t<div class=\"elementor-element elementor-element-acdbedf e-con-full e-flex e-con e-child\" data-id=\"acdbedf\" data-element_type=\"container\">\n\t\t\t\t<div class=\"elementor-element elementor-element-d8b23fe elementor-widget elementor-widget-heading\" data-id=\"d8b23fe\" data-element_type=\"widget\" data-widget_type=\"heading.default\">\n\t\t\t\t<div class=\"elementor-widget-container\">\n\t\t\t\t\t<h2 class=\"elementor-heading-title elementor-size-default\">Donaci\u00f3n de bicicletas para ni\u00f1os en La Guajira, Colombia<\/h2>\t\t\t\t<\/div>\n\t\t\t\t<\/div>\n\t\t\t\t<div class=\"elementor-element elementor-element-66a19e2 elementor-widget elementor-widget-text-editor\" data-id=\"66a19e2\" data-element_type=\"widget\" data-widget_type=\"text-editor.default\">\n\t\t\t\t<div class=\"elementor-widget-container\">\n\t\t\t\t\t\t\t\t\t<ul><li>Como patrocinador y aliado oficial, la Fundaci\u00f3n Ambire se uni\u00f3 al <b>III Torneo de Golf de UNICEF<\/b>, fortaleciendo alianzas mientras genera conciencia y recursos para la causa.<\/li><li>Ambire apoy\u00f3 la financiaci\u00f3n de <b>500 bicicletas Buffalo <\/b>para ni\u00f1os y ni\u00f1as de La Guajira, facilitando su acceso a la educaci\u00f3n y al agua limpia.<\/li><li>Ambire continuar\u00e1 en <b>2026 <\/b>con una visita de campo a La Guajira, acompa\u00f1ando a UNICEF durante la entrega de las bicicletas.<\/li><li>Un momento simb\u00f3lico que reafirma nuestro compromiso compartido con el impacto local y el desarrollo sostenible.<\/li><\/ul>\t\t\t\t\t\t\t\t<\/div>\n\t\t\t\t<\/div>\n\t\t\t\t<\/div>\n\t\t<div class=\"elementor-element elementor-element-a4d584d e-con-full e-flex e-con e-child\" data-id=\"a4d584d\" data-element_type=\"container\">\n\t\t\t\t<div class=\"elementor-element elementor-element-8097c7c elementor-widget elementor-widget-heading\" data-id=\"8097c7c\" data-element_type=\"widget\" data-widget_type=\"heading.default\">\n\t\t\t\t<div class=\"elementor-widget-container\">\n\t\t\t\t\t<h2 class=\"elementor-heading-title elementor-size-default\">Construcci\u00f3n de una escuela en La Barra, Pac\u00edfico colombiano, con materiales reciclados<\/h2>\t\t\t\t<\/div>\n\t\t\t\t<\/div>\n\t\t\t\t<div class=\"elementor-element elementor-element-3be7d63 elementor-widget elementor-widget-text-editor\" data-id=\"3be7d63\" data-element_type=\"widget\" data-widget_type=\"text-editor.default\">\n\t\t\t\t<div class=\"elementor-widget-container\">\n\t\t\t\t\t\t\t\t\t<ul><li>La Fundaci\u00f3n Ambire trabaj\u00f3 durante tres d\u00edas en el Pac\u00edfico colombiano para transformar la escuela local en La Barra.<\/li><li>Ambire, en conjunto con Ecoworks y la Fundaci\u00f3n Mag\u00fcipi, reconstruy\u00f3 un espacio que ahora ofrece m\u00e1s luz y mejores oportunidades para los ni\u00f1os y ni\u00f1as.<\/li><li>A trav\u00e9s de esta iniciativa, ayudamos a cerrar brechas, reducir la desigualdad y brindar a las comunidades herramientas para construir un futuro m\u00e1s justo.<\/li><\/ul>\t\t\t\t\t\t\t\t<\/div>\n\t\t\t\t<\/div>\n\t\t\t\t<\/div>\n\t\t<div class=\"elementor-element elementor-element-f00e3d6 e-con-full e-flex e-con e-child\" data-id=\"f00e3d6\" data-element_type=\"container\">\n\t\t\t\t<div class=\"elementor-element elementor-element-071b151 elementor-widget elementor-widget-heading\" data-id=\"071b151\" data-element_type=\"widget\" data-widget_type=\"heading.default\">\n\t\t\t\t<div class=\"elementor-widget-container\">\n\t\t\t\t\t<h2 class=\"elementor-heading-title elementor-size-default\">Programas sociales con la comunidad de reciclaje en Bogot\u00e1, Colombia<\/h2>\t\t\t\t<\/div>\n\t\t\t\t<\/div>\n\t\t\t\t<div class=\"elementor-element elementor-element-70d0ab0 elementor-widget elementor-widget-text-editor\" data-id=\"70d0ab0\" data-element_type=\"widget\" data-widget_type=\"text-editor.default\">\n\t\t\t\t<div class=\"elementor-widget-container\">\n\t\t\t\t\t\t\t\t\t<ul><li>La Fundaci\u00f3n Ambire Global colabora con aliados y financia iniciativas que fortalecen a las comunidades de recicladores en toda Colombia, como el Mundialito del Reciclaje en Bogot\u00e1: una celebraci\u00f3n que une deporte, solidaridad y sostenibilidad.<\/li><li>En alianza con Ecoworks, El Ropero Solidario y voluntarios comprometidos, esta iniciativa promueve la inclusi\u00f3n social, la participaci\u00f3n comunitaria y la conciencia ambiental.<\/li><li>A trav\u00e9s de estas colaboraciones y del apoyo financiero, Ambire Global reafirma su compromiso con el fortalecimiento de las comunidades locales y la construcci\u00f3n de un futuro m\u00e1s equitativo y sostenible.<\/li><\/ul>\t\t\t\t\t\t\t\t<\/div>\n\t\t\t\t<\/div>\n\t\t\t\t<\/div>\n\t\t<div class=\"elementor-element elementor-element-d693c40 e-con-full e-flex e-con e-child\" data-id=\"d693c40\" data-element_type=\"container\">\n\t\t\t\t<div class=\"elementor-element elementor-element-55cbb64 elementor-widget elementor-widget-heading\" data-id=\"55cbb64\" data-element_type=\"widget\" data-widget_type=\"heading.default\">\n\t\t\t\t<div class=\"elementor-widget-container\">\n\t\t\t\t\t<h2 class=\"elementor-heading-title elementor-size-default\">Cr\u00e9ditos pl\u00e1sticos por la recuperaci\u00f3n de residuos de baja calidad en Medell\u00edn, Colombia<\/h2>\t\t\t\t<\/div>\n\t\t\t\t<\/div>\n\t\t\t\t<div class=\"elementor-element elementor-element-4ad7779 elementor-widget elementor-widget-text-editor\" data-id=\"4ad7779\" data-element_type=\"widget\" data-widget_type=\"text-editor.default\">\n\t\t\t\t<div class=\"elementor-widget-container\">\n\t\t\t\t\t\t\t\t\t<ul><li>Ambire realiza auditor\u00edas integrales de la iniciativa de econom\u00eda circular liderada por Botellas de Amor en Medell\u00edn, Colombia, con el apoyo de rePurpose Global.<\/li><li>El programa Botellas de Amor se destaca como un ejemplo l\u00edder de innovaci\u00f3n ambiental, transformando pl\u00e1sticos de baja reciclabilidad en productos duraderos de madera pl\u00e1stica.<\/li><li>A trav\u00e9s de estas iniciativas, Ambire Global refuerza su compromiso con el avance de econom\u00edas circulares e inclusivas.<\/li><\/ul>\t\t\t\t\t\t\t\t<\/div>\n\t\t\t\t<\/div>\n\t\t\t\t<\/div>\n\t\t<div class=\"elementor-element elementor-element-1fc2788 e-con-full e-flex e-con e-child\" data-id=\"1fc2788\" data-element_type=\"container\">\n\t\t\t\t<div class=\"elementor-element elementor-element-4a562e8 elementor-widget elementor-widget-heading\" data-id=\"4a562e8\" data-element_type=\"widget\" data-widget_type=\"heading.default\">\n\t\t\t\t<div class=\"elementor-widget-container\">\n\t\t\t\t\t<h2 class=\"elementor-heading-title elementor-size-default\">Estimaci\u00f3n de las fugas de residuos en los oc\u00e9anos y el medio ambiente a nivel mundial<\/h2>\t\t\t\t<\/div>\n\t\t\t\t<\/div>\n\t\t\t\t<div class=\"elementor-element elementor-element-2dab3cf elementor-widget elementor-widget-text-editor\" data-id=\"2dab3cf\" data-element_type=\"widget\" data-widget_type=\"text-editor.default\">\n\t\t\t\t<div class=\"elementor-widget-container\">\n\t\t\t\t\t\t\t\t\t<ul><li>La Fundaci\u00f3n Ambire Global lider\u00f3 una evaluaci\u00f3n integral de los sistemas de gesti\u00f3n de residuos s\u00f3lidos en Asia, Am\u00e9rica Latina y el Caribe.<\/li><li>Durante este proyecto, Ambire logr\u00f3 identificar el marco regulatorio, la infraestructura disponible, los desaf\u00edos y su impacto en los cuerpos de agua.<\/li><li>Se desarroll\u00f3 un mapeo geoespacial (SIG) de la infraestructura clave para la gesti\u00f3n de residuos, incluyendo sitios de disposici\u00f3n final, plantas de reciclaje, estaciones de transferencia y centros de compostaje.<\/li><\/ul>\t\t\t\t\t\t\t\t<\/div>\n\t\t\t\t<\/div>\n\t\t\t\t<\/div>\n\t\t<div class=\"elementor-element elementor-element-e492ff3 e-con-full e-flex e-con e-child\" data-id=\"e492ff3\" data-element_type=\"container\">\n\t\t\t\t<div class=\"elementor-element elementor-element-afea8a3 elementor-widget elementor-widget-heading\" data-id=\"afea8a3\" data-element_type=\"widget\" data-widget_type=\"heading.default\">\n\t\t\t\t<div class=\"elementor-widget-container\">\n\t\t\t\t\t<h2 class=\"elementor-heading-title elementor-size-default\">Dise\u00f1o de sistemas integrados de gesti\u00f3n de residuos s\u00f3lidos<\/h2>\t\t\t\t<\/div>\n\t\t\t\t<\/div>\n\t\t\t\t<div class=\"elementor-element elementor-element-f212b77 elementor-widget elementor-widget-text-editor\" data-id=\"f212b77\" data-element_type=\"widget\" data-widget_type=\"text-editor.default\">\n\t\t\t\t<div class=\"elementor-widget-container\">\n\t\t\t\t\t\t\t\t\t<ul><li>Ambire consolid\u00f3 el concepto de Ecoaldea en la zona rural de Chengalpattu, India.<\/li><li>Se dise\u00f1aron estrategias integrales de gesti\u00f3n de residuos que promueven las 3R: reducir, reutilizar y reciclar.<\/li><li>El equipo desarroll\u00f3 materiales de capacitaci\u00f3n y programas educativos para diversos grupos, incluidos ni\u00f1os y ni\u00f1as de escuelas rurales.<\/li><\/ul>\t\t\t\t\t\t\t\t<\/div>\n\t\t\t\t<\/div>\n\t\t\t\t<\/div>\n\t\t<div class=\"elementor-element elementor-element-8a4e70f e-con-full e-flex e-con e-child\" data-id=\"8a4e70f\" data-element_type=\"container\">\n\t\t\t\t<div class=\"elementor-element elementor-element-cf06928 elementor-widget elementor-widget-heading\" data-id=\"cf06928\" data-element_type=\"widget\" data-widget_type=\"heading.default\">\n\t\t\t\t<div class=\"elementor-widget-container\">\n\t\t\t\t\t<h2 class=\"elementor-heading-title elementor-size-default\">Inclusi\u00f3n social de j\u00f3venes con discapacidad intelectual en Colombia<\/h2>\t\t\t\t<\/div>\n\t\t\t\t<\/div>\n\t\t\t\t<div class=\"elementor-element elementor-element-5097702 elementor-widget elementor-widget-text-editor\" data-id=\"5097702\" data-element_type=\"widget\" data-widget_type=\"text-editor.default\">\n\t\t\t\t<div class=\"elementor-widget-container\">\n\t\t\t\t\t\t\t\t\t<ul><li>En l\u00ednea con la misi\u00f3n de la Fundaci\u00f3n Ambire Global de promover la inclusi\u00f3n y la innovaci\u00f3n social, apoyamos con orgullo a Coopmente, una cooperativa sin \u00e1nimo de lucro fundada por j\u00f3venes con discapacidad intelectual y sus familias.<\/li><li>Nuestra contribuci\u00f3n ayud\u00f3 a fortalecer los programas educativos y vocacionales de Coopmente, a mejorar su capacidad organizacional y a aumentar la conciencia p\u00fablica sobre la importancia de la accesibilidad, la dignidad y la igualdad de oportunidades.<\/li><li>A trav\u00e9s de esta colaboraci\u00f3n, unimos esfuerzos para crear oportunidades significativas de formaci\u00f3n, inclusi\u00f3n y participaci\u00f3n social para j\u00f3venes con discapacidad.<\/li><\/ul>\t\t\t\t\t\t\t\t<\/div>\n\t\t\t\t<\/div>\n\t\t\t\t<\/div>\n\t\t<div class=\"elementor-element elementor-element-c2889f9 e-con-full e-flex e-con e-child\" data-id=\"c2889f9\" data-element_type=\"container\">\n\t\t\t\t<div class=\"elementor-element elementor-element-6b82bb2 elementor-widget elementor-widget-heading\" data-id=\"6b82bb2\" data-element_type=\"widget\" data-widget_type=\"heading.default\">\n\t\t\t\t<div class=\"elementor-widget-container\">\n\t\t\t\t\t<h2 class=\"elementor-heading-title elementor-size-default\">Programas sociales con organizaciones de reciclaje<\/h2>\t\t\t\t<\/div>\n\t\t\t\t<\/div>\n\t\t\t\t<div class=\"elementor-element elementor-element-07942f5 elementor-widget elementor-widget-text-editor\" data-id=\"07942f5\" data-element_type=\"widget\" data-widget_type=\"text-editor.default\">\n\t\t\t\t<div class=\"elementor-widget-container\">\n\t\t\t\t\t\t\t\t\t<ul><li>La Fundaci\u00f3n Ambire Global colabora con orgullo con organizaciones como Aire Urbano, que trabaja junto a m\u00e1s de 130 recicladores capacitados para promover la recuperaci\u00f3n de residuos y la educaci\u00f3n ambiental en Bogot\u00e1.<\/li><li>A trav\u00e9s de iniciativas conjuntas, llevamos alegr\u00eda y apoyo a las familias de las comunidades de recicladores, especialmente a los ni\u00f1os y ni\u00f1as, fomentando la inclusi\u00f3n, la dignidad y un prop\u00f3sito compartido.<\/li><li>Estas acciones reflejan el compromiso continuo de Ambire Global con la responsabilidad social, la econom\u00eda circular y el empoderamiento comunitario, generando un impacto duradero m\u00e1s all\u00e1 de la sostenibilidad.<\/li><\/ul>\t\t\t\t\t\t\t\t<\/div>\n\t\t\t\t<\/div>\n\t\t\t\t<\/div>\n\t\t\t\t\t<\/div>\n\t\t\t\t<\/div>\n\t\t\t\t<\/div>\n\t\t","protected":false},"excerpt":{"rendered":"<p>Conoce la Fundaci\u00f3n Ambire Global Nos emociona anunciar el lanzamiento de la Fundaci\u00f3n Ambire Global, el brazo sin \u00e1nimo de lucro del Grupo Ambire Global, creado para dise\u00f1ar e implementar soluciones de econom\u00eda circular con alto impacto social y ambiental. Con la Fundaci\u00f3n, damos un paso m\u00e1s all\u00e1 del dise\u00f1o t\u00e9cnico y pasamos a la [&hellip;]<\/p>\n","protected":false},"author":1,"featured_media":0,"parent":0,"menu_order":0,"comment_status":"closed","ping_status":"closed","template":"elementor_header_footer","meta":{"inline_featured_image":false,"footnotes":""},"class_list":["post-2124","page","type-page","status-publish","hentry"],"_links":{"self":[{"href":"https:\/\/ambireglobal.com\/es\/wp-json\/wp\/v2\/pages\/2124","targetHints":{"allow":["GET"]}}],"collection":[{"href":"https:\/\/ambireglobal.com\/es\/wp-json\/wp\/v2\/pages"}],"about":[{"href":"https:\/\/ambireglobal.com\/es\/wp-json\/wp\/v2\/types\/page"}],"author":[{"embeddable":true,"href":"https:\/\/ambireglobal.com\/es\/wp-json\/wp\/v2\/users\/1"}],"replies":[{"embeddable":true,"href":"https:\/\/ambireglobal.com\/es\/wp-json\/wp\/v2\/comments?post=2124"}],"version-history":[{"count":79,"href":"https:\/\/ambireglobal.com\/es\/wp-json\/wp\/v2\/pages\/2124\/revisions"}],"predecessor-version":[{"id":3684,"href":"https:\/\/ambireglobal.com\/es\/wp-json\/wp\/v2\/pages\/2124\/revisions\/3684"}],"wp:attachment":[{"href":"https:\/\/ambireglobal.com\/es\/wp-json\/wp\/v2\/media?parent=2124"}],"curies":[{"name":"wp","href":"https:\/\/api.w.org\/{rel}","templated":true}]}}