{"id":2895,"date":"2025-08-05T16:06:15","date_gmt":"2025-08-05T16:06:15","guid":{"rendered":"https:\/\/ambire.sinergiapublicidad.co\/politica-de-privacidad-y-proteccion-de-datos-personales\/"},"modified":"2025-08-05T16:11:16","modified_gmt":"2025-08-05T16:11:16","slug":"politica-de-privacidad-y-proteccion-de-datos-personales","status":"publish","type":"page","link":"https:\/\/ambireglobal.com\/es\/politica-de-privacidad-y-proteccion-de-datos-personales\/","title":{"rendered":"Pol\u00edtica de Privacidad y Protecci\u00f3n de Datos Personales"},"content":{"rendered":"\t\t<div data-elementor-type=\"wp-page\" data-elementor-id=\"2895\" class=\"elementor elementor-2895 elementor-2887\">\n\t\t\t\t<div class=\"elementor-element elementor-element-e74fcaf e-flex e-con-boxed e-con e-parent\" data-id=\"e74fcaf\" data-element_type=\"container\">\n\t\t\t\t\t<div class=\"e-con-inner\">\n\t\t\t\t<div class=\"elementor-element elementor-element-6b27ab8 elementor-widget elementor-widget-text-editor\" data-id=\"6b27ab8\" data-element_type=\"widget\" data-widget_type=\"text-editor.default\">\n\t\t\t\t<div class=\"elementor-widget-container\">\n\t\t\t\t\t\t\t\t\t<p>En Ambire Global SAS, Ambire Global Inc. y la Fundaci\u00f3n Ambire Global, nos comprometemos a proteger la privacidad y los datos personales de nuestros empleados, aliados, clientes, beneficiarios, proveedores y usuarios, de conformidad con las leyes y regulaciones de protecci\u00f3n de datos vigentes en los pa\u00edses donde operamos.<br \/>La informaci\u00f3n personal recolectada \u2014tanto de fuentes externas como de colaboradores y equipos internos\u2014 ser\u00e1 utilizada exclusivamente para:<\/p><ul class=\"wp-block-list\"><li>Cumplir con obligaciones legales, contractuales y laborales.<\/li><li>Gestionar procesos administrativos y operativos.<\/li><li>Ejecutar proyectos, consultor\u00edas y actividades institucionales.<\/li><li>Comunicaciones laborales e institucionales previamente establecidas.<\/li><\/ul><p>Ambire Global se compromete a no utilizar los datos personales para finalidades diferentes a las aqu\u00ed descritas, salvo que exista autorizaci\u00f3n expresa por parte del titular.<br \/>Todos los datos ser\u00e1n tratados bajo estrictos est\u00e1ndares de seguridad, confidencialidad y conforme a los principios de legalidad, finalidad, transparencia, acceso restringido, calidad de la informaci\u00f3n y responsabilidad.<br \/>Los titulares de los datos personales podr\u00e1n ejercer sus derechos a conocer, actualizar, corregir o eliminar su informaci\u00f3n mediante solicitud escrita dirigida al correo electr\u00f3nico oficial:<a href=\"mailto:veronica.zambrano@ambireglobal.com\" target=\"_blank\" rel=\"noreferrer noopener\"> veronica.zambrano@ambireglobal.com<\/a><\/p>\t\t\t\t\t\t\t\t<\/div>\n\t\t\t\t<\/div>\n\t\t\t\t\t<\/div>\n\t\t\t\t<\/div>\n\t\t\t\t<\/div>\n\t\t","protected":false},"excerpt":{"rendered":"<p>En Ambire Global SAS, Ambire Global Inc. y la Fundaci\u00f3n Ambire Global, nos comprometemos a proteger la privacidad y los datos personales de nuestros empleados, aliados, clientes, beneficiarios, proveedores y usuarios, de conformidad con las leyes y regulaciones de protecci\u00f3n de datos vigentes en los pa\u00edses donde operamos.La informaci\u00f3n personal recolectada \u2014tanto de fuentes externas [&hellip;]<\/p>\n","protected":false},"author":1,"featured_media":0,"parent":0,"menu_order":0,"comment_status":"closed","ping_status":"closed","template":"elementor_header_footer","meta":{"inline_featured_image":false,"footnotes":""},"class_list":["post-2895","page","type-page","status-publish","hentry"],"_links":{"self":[{"href":"https:\/\/ambireglobal.com\/es\/wp-json\/wp\/v2\/pages\/2895","targetHints":{"allow":["GET"]}}],"collection":[{"href":"https:\/\/ambireglobal.com\/es\/wp-json\/wp\/v2\/pages"}],"about":[{"href":"https:\/\/ambireglobal.com\/es\/wp-json\/wp\/v2\/types\/page"}],"author":[{"embeddable":true,"href":"https:\/\/ambireglobal.com\/es\/wp-json\/wp\/v2\/users\/1"}],"replies":[{"embeddable":true,"href":"https:\/\/ambireglobal.com\/es\/wp-json\/wp\/v2\/comments?post=2895"}],"version-history":[{"count":5,"href":"https:\/\/ambireglobal.com\/es\/wp-json\/wp\/v2\/pages\/2895\/revisions"}],"predecessor-version":[{"id":2900,"href":"https:\/\/ambireglobal.com\/es\/wp-json\/wp\/v2\/pages\/2895\/revisions\/2900"}],"wp:attachment":[{"href":"https:\/\/ambireglobal.com\/es\/wp-json\/wp\/v2\/media?parent=2895"}],"curies":[{"name":"wp","href":"https:\/\/api.w.org\/{rel}","templated":true}]}}