{"id":3750,"date":"2025-12-04T15:57:50","date_gmt":"2025-12-04T15:57:50","guid":{"rendered":"https:\/\/ambireglobal.com\/equipo\/"},"modified":"2025-12-16T01:25:28","modified_gmt":"2025-12-16T01:25:28","slug":"equipo","status":"publish","type":"page","link":"https:\/\/ambireglobal.com\/es\/equipo\/","title":{"rendered":"Equipo"},"content":{"rendered":"<div class=\"vision-map vision-map-2\"data-json-src=\"https:\/\/ambireglobal.com\/es\/wp-json\/vision\/v1\/item\/2\" data-item-id=\"2\" tabindex=\"1\"><div class=\"vision-img-placeholder\"><img decoding=\"async\" src=\"https:\/\/ambireglobal.com\/wp-content\/uploads\/2026\/01\/Organigrama-espanol.webp\" width=\"100%\"\/><\/div><div class=\"vision-store\" style=\"display:none;\"><div class=\"vision-layers-data\"><div class=\"vision-layer\" data-layer-id=\"91a6f2e3\"><\/div><div class=\"vision-layer\" data-layer-id=\"d67b2f00\"><\/div><div class=\"vision-layer\" data-layer-id=\"a511dbf8\"><\/div><div class=\"vision-layer\" data-layer-id=\"196b7100\"><\/div><div class=\"vision-layer\" data-layer-id=\"2c5fc131\"><\/div><div class=\"vision-layer\" data-layer-id=\"c3e1d497\"><\/div><\/div><div class=\"vision-tooltips-data\"><div class=\"vision-data\" data-layer-id=\"91a6f2e3\"><p style=\"text-align: center;\">Ver m\u00e1s<\/p><\/div><div class=\"vision-data\" data-layer-id=\"d67b2f00\"><p style=\"text-align: center;\">Ver m\u00e1s<\/p><\/div><div class=\"vision-data\" data-layer-id=\"a511dbf8\"><p style=\"text-align: center;\">Ver m\u00e1s<\/p><\/div><div class=\"vision-data\" data-layer-id=\"196b7100\"><p style=\"text-align: center;\">Ver m\u00e1s<\/p><\/div><div class=\"vision-data\" data-layer-id=\"2c5fc131\"><p style=\"text-align: center;\">Ver m\u00e1s<\/p><\/div><div class=\"vision-data\" data-layer-id=\"c3e1d497\"><p style=\"text-align: center;\">Ver m\u00e1s<\/p><\/div><\/div><div class=\"vision-popovers-data\"><div class=\"vision-data\" data-layer-id=\"91a6f2e3\"><!-- Team Profile: Vishwas Vidyaranya (Co-Founder & CEO, AMBIRE) --> <section class=\"team-profile\" style=\"max-width: 700px; margin: 24px auto; padding: 20px; border: 2px solid #69b448; border-radius: 24px; background: #ffffff;\"> <div style=\"display: flex; gap: 20px; align-items: flex-start; flex-wrap: wrap;\"><!-- Optional headshot placeholder (replace src with actual image URL) --> <img fetchpriority=\"high\" decoding=\"async\" class=\"alignnone\" style=\"width: 120px; height: 120px; border-radius: 0%; object-fit: cover;\" src=\"https:\/\/ambireglobal.com\/wp-content\/uploads\/2025\/12\/Vishwas_Vidyaranya.png?text=VV\" alt=\"Portrait of Vishwas Vidyaranya\" width=\"350\" height=\"350\" \/> <div> <h3 style=\"margin: 0 0 8px 0; font-size: 1.5rem; line-height: 1.2; color: #111827;\">Vishwas Vidyaranya<\/h3> <p style=\"margin: 0 0 12px 0; font-size: 1rem; color: #374151;\"><strong>Cofundador y Director Ejecutivo<\/strong><\/p> <p style=\"margin: 0; font-size: 1rem; color: #4b5563;\">Vishwas Vidyaranya es el cofundador y director ejecutivo (CEO) de Ambire Global, aportando m\u00e1s de diez a\u00f1os de experiencia en finanzas sostenibles, cambio clim\u00e1tico y econom\u00eda circular.<br \/>Ha liderado m\u00e1s de 50 proyectos a nivel mundial, incluyendo trabajos sobre taxonom\u00edas de finanzas sostenibles e iniciativas de gesti\u00f3n ambiental, as\u00ed como proyectos en edificios sostenibles, sistemas de agua, residuos s\u00f3lidos y aguas residuales.<br \/>Su experiencia tambi\u00e9n incluye roles de investigaci\u00f3n en ingenier\u00eda ambiental. Vishwas posee una maestr\u00eda en Ingenier\u00eda Sanitaria y Gesti\u00f3n de Residuos y una licenciatura en Biotecnolog\u00eda.<\/p> <\/div> <\/div> <\/section><\/div><div class=\"vision-data\" data-layer-id=\"d67b2f00\"><!-- Team Profile: Aditi Ramola (Co-Founder & CEO, AMBIRE) --> <section class=\"team-profile\" style=\"max-width: 700px; margin: 24px auto; padding: 20px; border: 2px solid #69b448; border-radius: 24px; background: #ffffff;\"> <div style=\"display: flex; gap: 20px; align-items: flex-start; flex-wrap: wrap;\"><!-- Optional headshot placeholder (replace src with actual image URL) --> <img decoding=\"async\" class=\"alignnone\" style=\"width: 120px; height: 120px; border-radius: 0%; object-fit: cover;\" src=\"https:\/\/ambireglobal.com\/wp-content\/uploads\/2025\/12\/Aditi_Ramola.webp?text=VV\" alt=\"Portrait of Aditi Ramola\" width=\"350\" height=\"350\" \/> <div> <h3 style=\"margin: 0 0 8px 0; font-size: 1.5rem; line-height: 1.2; color: #111827;\">Aditi Ramola<\/h3> <p style=\"margin: 0 0 12px 0; font-size: 1rem; color: #374151;\"><strong>Cofundador y Director de Estrategia<\/strong><\/p> <p style=\"margin: 0; font-size: 1rem; color: #4b5563;\">Aditi Ramola es cofundadora y directora de sostenibilidad (Chief Sustainability Officer) de Ambire Global, aportando una amplia experiencia en organizaciones intergubernamentales y el sector privado.<br \/>Ha liderado equipos t\u00e9cnicos, desarrollado asociaciones internacionales y trabajado en programas relacionados con la sostenibilidad, la gesti\u00f3n de residuos e iniciativas clim\u00e1ticas.<br \/>Aditi posee un MSc en Tecnolog\u00eda Ambiental y Asuntos Internacionales de la Universidad T\u00e9cnica de Viena y la Academia Diplom\u00e1tica de Viena.<\/p> <\/div> <\/div> <\/section><\/div><div class=\"vision-data\" data-layer-id=\"a511dbf8\"><!-- Team Profile: Bridget Boulle Technical Advisor --> <section class=\"team-profile\" style=\"max-width: 700px; margin: 24px auto; padding: 20px; border: 2px solid #69b448; border-radius: 24px; background: #ffffff;\"> <div style=\"display: flex; gap: 20px; align-items: flex-start; flex-wrap: wrap;\"><!-- Optional headshot placeholder (replace src with actual image URL) --> <img decoding=\"async\" class=\"alignnone\" style=\"width: 120px; height: 120px; border-radius: 0%; object-fit: cover;\" src=\"https:\/\/ambireglobal.com\/wp-content\/uploads\/2025\/12\/Bridget_Boulle.webp?text=VV\" alt=\"Portrait of Bridget Boulle\" width=\"350\" height=\"350\" \/> <div> <h3 style=\"margin: 0 0 8px 0; font-size: 1.5rem; line-height: 1.2; color: #111827;\">Bridget Boulle<\/h3> <p style=\"margin: 0 0 12px 0; font-size: 1rem; color: #374151;\"><strong>Asesora T\u00e9cnica<\/strong><\/p> <p style=\"margin: 0; font-size: 1rem; color: #4b5563;\">Bridget Boulle es una experta s\u00e9nior en finanzas sostenibles con m\u00e1s de 15 a\u00f1os de experiencia internacional, habiendo trabajado en Londres, S\u00eddney y Ciudad del Cabo.<br \/>Se desempe\u00f1a como asesora t\u00e9cnica principal y directora de desarrollo t\u00e9cnico en Climate Bonds Initiative, liderando el trabajo en pol\u00edticas, est\u00e1ndares, taxonom\u00edas e inteligencia de mercado.<br \/>Actualmente es Asesora Principal en Taxonom\u00eda para la Iniciativa Financiera del Programa de las Naciones Unidas para el Medio Ambiente (UNEP FI), apoyando el desarrollo de taxonom\u00edas globales y marcos de finanzas sostenibles.<br \/>Su trabajo incluye liderar proyectos significativos de taxonom\u00eda y contribuir a la investigaci\u00f3n de mercado y la orientaci\u00f3n t\u00e9cnica en toda la regi\u00f3n.<\/p> <\/div> <\/div> <\/section><\/div><div class=\"vision-data\" data-layer-id=\"196b7100\"><!-- Team Profile: Claire Berson --> <section class=\"team-profile\" style=\"max-width: 700px; margin: 24px auto; padding: 20px; border: 2px solid #69b448; border-radius: 24px; background: #ffffff;\"> <div style=\"display: flex; gap: 20px; align-items: flex-start; flex-wrap: wrap;\"><!-- Optional headshot placeholder (replace src with actual image URL) --> <img loading=\"lazy\" decoding=\"async\" class=\"alignnone\" style=\"width: 120px; height: 120px; border-radius: 0%; object-fit: cover;\" src=\"https:\/\/ambireglobal.com\/wp-content\/uploads\/2025\/12\/claire_berson.webp?text=VV\" alt=\"Portrait of Claire Berson\" width=\"350\" height=\"350\" \/> <div> <h3 style=\"margin: 0 0 8px 0; font-size: 1.5rem; line-height: 1.2; color: #111827;\">Claire Berson<\/h3> <p style=\"margin: 0 0 12px 0; font-size: 1rem; color: #374151;\"><strong>Miembro de la Junta Directiva (desde 2024).<\/strong><\/p> <p style=\"margin: 0; font-size: 1rem; color: #4b5563;\">Claire Berson es una l\u00edder s\u00e9nior con 20 a\u00f1os de experiencia global y multisectorial en sostenibilidad y finanzas, trabajando de cerca con inversores institucionales.<br \/>Anteriormente se desempe\u00f1\u00f3 como Directora Ejecutiva de Climate Bonds Initiative y antes como Directora de Servicios al Cliente.<br \/>Su experiencia abarca la estrategia de sostenibilidad, el liderazgo ejecutivo, la participaci\u00f3n de partes interesadas, la eficiencia operativa y el desarrollo de negocios.<\/p> <\/div> <\/div> <\/section><\/div><div class=\"vision-data\" data-layer-id=\"2c5fc131\"><!-- Team Profile: Carlos Correa --> <section class=\"team-profile\" style=\"max-width: 700px; margin: 24px auto; padding: 20px; border: 2px solid #69b448; border-radius: 24px; background: #ffffff;\"> <div style=\"display: flex; gap: 20px; align-items: flex-start; flex-wrap: wrap;\"><!-- Optional headshot placeholder (replace src with actual image URL) --> <img loading=\"lazy\" decoding=\"async\" class=\"alignnone\" style=\"width: 120px; height: 120px; border-radius: 0%; object-fit: cover;\" src=\"https:\/\/ambireglobal.com\/wp-content\/uploads\/2025\/12\/carlos_correa.webp?text=VV\" alt=\"Portrait of Carlos Correa\" width=\"350\" height=\"350\" \/> <div> <h3 style=\"margin: 0 0 8px 0; font-size: 1.5rem; line-height: 1.2; color: #111827;\">Carlos Correa<\/h3> <p style=\"margin: 0 0 12px 0; font-size: 1rem; color: #374151;\"><strong>Asesor Estrat\u00e9gico \u2013 Finanzas de la Naturaleza y Sostenibilidad (desde 2025).<\/strong><\/p> <p style=\"margin: 0; font-size: 1rem; color: #4b5563;\">Carlos Eduardo Correa Escaf es un l\u00edder mundial reconocido en sostenibilidad, con roles que incluyen Investigador Principal en Conservaci\u00f3n Internacional, Embajador de Mangrove Breakthrough, Representante Colombiano del Adam Smith Center y Copresidente de la Fuerza de Tarea sobre Ciudades Positivas para la Naturaleza del Foro Econ\u00f3mico Mundial.<br \/>Se desempe\u00f1\u00f3 como Ministro de Medio Ambiente de Colombia (2020\u20132022), liderando iniciativas clave como la Ley de Acci\u00f3n Clim\u00e1tica, el Programa de Carbono Neutralidad y la Taxonom\u00eda Verde, mientras expandi\u00f3 las \u00e1reas protegidas al 34% del territorio nacional.<br \/>Carlos aporta una profunda experiencia en la intersecci\u00f3n de la naturaleza, las finanzas y la sostenibilidad, respaldada por experiencia de asesor\u00eda con instituciones como el BID y CAF.<\/p> <\/div> <\/div> <\/section><\/div><div class=\"vision-data\" data-layer-id=\"c3e1d497\"><!-- Team Profile: Andr\u00e9s Felipe S\u00e1nchez --> <section class=\"team-profile\" style=\"max-width: 700px; margin: 24px auto; padding: 20px; border: 2px solid #69b448; border-radius: 24px; background: #ffffff;\"> <div style=\"display: flex; gap: 20px; align-items: flex-start; flex-wrap: wrap;\"><!-- Optional headshot placeholder (replace src with actual image URL) --> <img loading=\"lazy\" decoding=\"async\" class=\"alignnone\" style=\"width: 120px; height: 120px; border-radius: 0%; object-fit: cover;\" src=\"https:\/\/ambireglobal.com\/wp-content\/uploads\/2025\/12\/andres_sanchez.webp?text=VV\" alt=\"Portrait of Andres Sanchez\" width=\"350\" height=\"350\" \/> <div> <h3 style=\"margin: 0 0 8px 0; font-size: 1.5rem; line-height: 1.2; color: #111827;\">Andr\u00e9s Felipe S\u00e1nchez<\/h3> <p style=\"margin: 0 0 12px 0; font-size: 1rem; color: #374151;\"><strong>Miembro de la Junta Directiva (desde 2024).<\/strong><\/p> <p style=\"margin: 0; font-size: 1rem; color: #4b5563;\">Andr\u00e9s Felipe S\u00e1nchez es el director de Am\u00e9rica Latina en Climate Bonds Initiative, liderando los esfuerzos de finanzas sostenibles en toda la regi\u00f3n.<br \/>Anteriormente se desempe\u00f1\u00f3 como Gerente de Pa\u00eds para Colombia y tiene experiencia en el sector financiero y la participaci\u00f3n de partes interesadas, incluyendo la estructuraci\u00f3n del primer Bono Sostenible de Colombia como Oficial de Relaciones con Inversores en un importante banco de desarrollo.<\/p> <\/div> <\/div> <\/section><\/div><\/div><\/div><\/div><style>.vision-map-2 {}.vision-map-2 .vision-layers [data-layer-id=\"91a6f2e3\"] .vision-body {}.vision-map-2 .vision-layers [data-layer-id=\"91a6f2e3\"] .vision-body:hover {background-color:rgba(4,140,45,0.13);}.vision-map-2 .vision-layers [data-layer-id=\"d67b2f00\"] .vision-body {}.vision-map-2 .vision-layers [data-layer-id=\"d67b2f00\"] .vision-body:hover {background-color:rgba(4,140,45,0.13);}.vision-map-2 .vision-layers [data-layer-id=\"a511dbf8\"] .vision-body {}.vision-map-2 .vision-layers [data-layer-id=\"a511dbf8\"] .vision-body:hover {background-color:rgba(4,140,45,0.13);}.vision-map-2 .vision-layers [data-layer-id=\"196b7100\"] .vision-body {}.vision-map-2 .vision-layers [data-layer-id=\"196b7100\"] .vision-body:hover {background-color:rgba(4,140,45,0.13);}.vision-map-2 .vision-layers [data-layer-id=\"2c5fc131\"] .vision-body {}.vision-map-2 .vision-layers [data-layer-id=\"2c5fc131\"] .vision-body:hover {background-color:rgba(4,140,45,0.13);}.vision-map-2 .vision-layers [data-layer-id=\"c3e1d497\"] .vision-body {}.vision-map-2 .vision-layers [data-layer-id=\"c3e1d497\"] .vision-body:hover {background-color:rgba(4,140,45,0.13);}<\/style>\n\n\n\n<p><\/p>\n","protected":false},"excerpt":{"rendered":"","protected":false},"author":1,"featured_media":0,"parent":0,"menu_order":0,"comment_status":"closed","ping_status":"closed","template":"elementor_header_footer","meta":{"inline_featured_image":false,"footnotes":""},"class_list":["post-3750","page","type-page","status-publish","hentry"],"_links":{"self":[{"href":"https:\/\/ambireglobal.com\/es\/wp-json\/wp\/v2\/pages\/3750","targetHints":{"allow":["GET"]}}],"collection":[{"href":"https:\/\/ambireglobal.com\/es\/wp-json\/wp\/v2\/pages"}],"about":[{"href":"https:\/\/ambireglobal.com\/es\/wp-json\/wp\/v2\/types\/page"}],"author":[{"embeddable":true,"href":"https:\/\/ambireglobal.com\/es\/wp-json\/wp\/v2\/users\/1"}],"replies":[{"embeddable":true,"href":"https:\/\/ambireglobal.com\/es\/wp-json\/wp\/v2\/comments?post=3750"}],"version-history":[{"count":6,"href":"https:\/\/ambireglobal.com\/es\/wp-json\/wp\/v2\/pages\/3750\/revisions"}],"predecessor-version":[{"id":3756,"href":"https:\/\/ambireglobal.com\/es\/wp-json\/wp\/v2\/pages\/3750\/revisions\/3756"}],"wp:attachment":[{"href":"https:\/\/ambireglobal.com\/es\/wp-json\/wp\/v2\/media?parent=3750"}],"curies":[{"name":"wp","href":"https:\/\/api.w.org\/{rel}","templated":true}]}}