{"id":38,"date":"2021-08-29T16:58:58","date_gmt":"2021-08-29T16:58:58","guid":{"rendered":"http:\/\/aivonswp.pixydrops.com\/?page_id=38"},"modified":"2025-08-12T19:27:29","modified_gmt":"2025-08-12T19:27:29","slug":"blog","status":"publish","type":"page","link":"https:\/\/ambireglobal.com\/es\/blog\/","title":{"rendered":"Blog"},"content":{"rendered":"\t\t<div data-elementor-type=\"wp-page\" data-elementor-id=\"38\" class=\"elementor elementor-38\">\n\t\t\t\t\t\t<section class=\"elementor-section elementor-top-section elementor-element elementor-element-622dd5b elementor-section-full_width elementor-section-height-default elementor-section-height-default\" data-id=\"622dd5b\" data-element_type=\"section\">\n\t\t\t\t\t\t<div class=\"elementor-container elementor-column-gap-no\">\n\t\t\t\t\t<div class=\"elementor-column elementor-col-100 elementor-top-column elementor-element elementor-element-1835e5a\" data-id=\"1835e5a\" data-element_type=\"column\">\n\t\t\t<div class=\"elementor-widget-wrap elementor-element-populated\">\n\t\t\t\t\t\t<div class=\"elementor-element elementor-element-d642c24 elementor-widget elementor-widget-aivons-blog\" data-id=\"d642c24\" data-element_type=\"widget\" data-widget_type=\"aivons-blog.default\">\n\t\t\t\t<div class=\"elementor-widget-container\">\n\t\t\t\t\t\r\n\t<!--News One Start-->\r\n\t<section class=\"news-one\">\r\n\t\t<div class=\"container\">\r\n\t\t\t\r\n\t\t\t<div class=\"row\">\r\n\t\t\t\t\t\t\t\t\t\t\t\t\t<div class=\"col-xl-4 col-lg-4 \">\r\n\t\t\t\t\t\t<!--News One Single-->\r\n\t\t\t\t\t\t<div class=\"news-one__single \">\r\n\t\t\t\t\t\t\t\t\t\t\t\t\t\t\t<div class=\"news-one__img\">\r\n\t\t\t\t\t\t\t\t\t<img fetchpriority=\"high\" decoding=\"async\" width=\"370\" height=\"336\" src=\"https:\/\/ambireglobal.com\/wp-content\/uploads\/2025\/07\/NPIC-202322114331-1-696x438-1-370x336.jpg\" class=\"attachment-aivons_blog_370X336 size-aivons_blog_370X336 wp-post-image\" alt=\"\" \/>\t\t\t\t\t\t\t\t\t<a href=\"https:\/\/ambireglobal.com\/es\/g20-sustainable-finance-working-group\/\">\r\n\t\t\t\t\t\t\t\t\t\t<span class=\"news-one__plus\"><\/span>\r\n\t\t\t\t\t\t\t\t\t<\/a>\r\n\t\t\t\t\t\t\t\t<\/div>\r\n\t\t\t\t\t\t\t\t\t\t\t\t\t\t<div class=\"news-one__content \">\r\n\t\t\t\t\t\t\t\t<ul class=\"list-unstyled news-one__meta\">\r\n\t\t\t\t\t\t\t\t\t<li><span class=\"byline\"><i class=\"far fa-user-circle\"><\/i> <span class=\"author vcard\"><a class=\"url fn n\" href=\"https:\/\/ambireglobal.com\/es\/author\/vishwas\/\">Vishwas Vidyaranya<\/a><\/span><\/span><\/li>\r\n\t\t\t\t\t\t\t\t\t\t\t\t\t\t\t\t\t<\/ul>\r\n\t\t\t\t\t\t\t\t<h3 class=\"news-one__title\">\r\n\t\t\t\t\t\t\t\t\t<a href=\"https:\/\/ambireglobal.com\/es\/g20-sustainable-finance-working-group\/\">G20 Sustainable Finance Working Group<\/a>\r\n\t\t\t\t\t\t\t\t<\/h3>\r\n\t\t\t\t\t\t\t\t<p class=\"news-one__text\">\r\n\t\t\t\t\t\t\t\t\tIndia has assumed the G20 presidency from 01st December 2022 to 30th November\t\t\t\t\t\t\t\t<\/p>\r\n\t\t\t\t\t\t\t\t<a href=\"https:\/\/ambireglobal.com\/es\/g20-sustainable-finance-working-group\/\" class=\"news-one__btn\">Leer m\u00e1s<\/a>\r\n\t\t\t\t\t\t\t\t\t\t\t\t\t\t\t\t\t<div class=\"news-one__date-box\">\r\n\t\t\t\t\t\t\t\t\t\t<p>26 Jun<\/p>\r\n\t\t\t\t\t\t\t\t\t<\/div>\r\n\t\t\t\t\t\t\t\t\t\t\t\t\t\t\t<\/div>\r\n\t\t\t\t\t\t<\/div>\r\n\t\t\t\t\t<\/div>\r\n\t\t\t\t\t\t\t\t\t<div class=\"col-xl-4 col-lg-4 \">\r\n\t\t\t\t\t\t<!--News One Single-->\r\n\t\t\t\t\t\t<div class=\"news-one__single \">\r\n\t\t\t\t\t\t\t\t\t\t\t\t\t\t\t<div class=\"news-one__img\">\r\n\t\t\t\t\t\t\t\t\t<img decoding=\"async\" width=\"370\" height=\"336\" src=\"https:\/\/ambireglobal.com\/wp-content\/uploads\/2025\/07\/3d6a33_081e3d8da4194b3da8580f9d86b17c36mv2-370x336.jpg\" class=\"attachment-aivons_blog_370X336 size-aivons_blog_370X336 wp-post-image\" alt=\"\" \/>\t\t\t\t\t\t\t\t\t<a href=\"https:\/\/ambireglobal.com\/es\/mapping-waste-flows-in-chengalpattu-india\/\">\r\n\t\t\t\t\t\t\t\t\t\t<span class=\"news-one__plus\"><\/span>\r\n\t\t\t\t\t\t\t\t\t<\/a>\r\n\t\t\t\t\t\t\t\t<\/div>\r\n\t\t\t\t\t\t\t\t\t\t\t\t\t\t<div class=\"news-one__content \">\r\n\t\t\t\t\t\t\t\t<ul class=\"list-unstyled news-one__meta\">\r\n\t\t\t\t\t\t\t\t\t<li><span class=\"byline\"><i class=\"far fa-user-circle\"><\/i> <span class=\"author vcard\"><a class=\"url fn n\" href=\"https:\/\/ambireglobal.com\/es\/author\/vishwas\/\">Vishwas Vidyaranya<\/a><\/span><\/span><\/li>\r\n\t\t\t\t\t\t\t\t\t\t\t\t\t\t\t\t\t<\/ul>\r\n\t\t\t\t\t\t\t\t<h3 class=\"news-one__title\">\r\n\t\t\t\t\t\t\t\t\t<a href=\"https:\/\/ambireglobal.com\/es\/mapping-waste-flows-in-chengalpattu-india\/\">Mapping waste flows in Chengalpattu, India<\/a>\r\n\t\t\t\t\t\t\t\t<\/h3>\r\n\t\t\t\t\t\t\t\t<p class=\"news-one__text\">\r\n\t\t\t\t\t\t\t\t\tIn its India programme, Clean Oceans through Clean Communities (CLOCC) has completed a\t\t\t\t\t\t\t\t<\/p>\r\n\t\t\t\t\t\t\t\t<a href=\"https:\/\/ambireglobal.com\/es\/mapping-waste-flows-in-chengalpattu-india\/\" class=\"news-one__btn\">Leer m\u00e1s<\/a>\r\n\t\t\t\t\t\t\t\t\t\t\t\t\t\t\t\t\t<div class=\"news-one__date-box\">\r\n\t\t\t\t\t\t\t\t\t\t<p>16 May<\/p>\r\n\t\t\t\t\t\t\t\t\t<\/div>\r\n\t\t\t\t\t\t\t\t\t\t\t\t\t\t\t<\/div>\r\n\t\t\t\t\t\t<\/div>\r\n\t\t\t\t\t<\/div>\r\n\t\t\t\t\t\t\t\t\t<div class=\"col-xl-4 col-lg-4 \">\r\n\t\t\t\t\t\t<!--News One Single-->\r\n\t\t\t\t\t\t<div class=\"news-one__single \">\r\n\t\t\t\t\t\t\t\t\t\t\t\t\t\t\t<div class=\"news-one__img\">\r\n\t\t\t\t\t\t\t\t\t<img decoding=\"async\" width=\"370\" height=\"336\" src=\"https:\/\/ambireglobal.com\/wp-content\/uploads\/2025\/07\/gestion-residuos-800-370x336.jpg\" class=\"attachment-aivons_blog_370X336 size-aivons_blog_370X336 wp-post-image\" alt=\"\" \/>\t\t\t\t\t\t\t\t\t<a href=\"https:\/\/ambireglobal.com\/es\/avances-tecnologicos-en-la-gestion-de-residuos-solidos-herramientas-para-un-futuro-sostenible\/\">\r\n\t\t\t\t\t\t\t\t\t\t<span class=\"news-one__plus\"><\/span>\r\n\t\t\t\t\t\t\t\t\t<\/a>\r\n\t\t\t\t\t\t\t\t<\/div>\r\n\t\t\t\t\t\t\t\t\t\t\t\t\t\t<div class=\"news-one__content \">\r\n\t\t\t\t\t\t\t\t<ul class=\"list-unstyled news-one__meta\">\r\n\t\t\t\t\t\t\t\t\t<li><span class=\"byline\"><i class=\"far fa-user-circle\"><\/i> <span class=\"author vcard\"><a class=\"url fn n\" href=\"https:\/\/ambireglobal.com\/es\/author\/vishwas\/\">Vishwas Vidyaranya<\/a><\/span><\/span><\/li>\r\n\t\t\t\t\t\t\t\t\t\t\t\t\t\t\t\t\t<\/ul>\r\n\t\t\t\t\t\t\t\t<h3 class=\"news-one__title\">\r\n\t\t\t\t\t\t\t\t\t<a href=\"https:\/\/ambireglobal.com\/es\/avances-tecnologicos-en-la-gestion-de-residuos-solidos-herramientas-para-un-futuro-sostenible\/\">Avances Tecnol\u00f3gicos en la Gesti\u00f3n de Residuos S\u00f3lidos: Herramientas para un Futuro Sostenible<\/a>\r\n\t\t\t\t\t\t\t\t<\/h3>\r\n\t\t\t\t\t\t\t\t<p class=\"news-one__text\">\r\n\t\t\t\t\t\t\t\t\tLa gesti\u00f3n adecuada de residuos s\u00f3lidos es fundamental para proteger el medio ambiente\t\t\t\t\t\t\t\t<\/p>\r\n\t\t\t\t\t\t\t\t<a href=\"https:\/\/ambireglobal.com\/es\/avances-tecnologicos-en-la-gestion-de-residuos-solidos-herramientas-para-un-futuro-sostenible\/\" class=\"news-one__btn\">Leer m\u00e1s<\/a>\r\n\t\t\t\t\t\t\t\t\t\t\t\t\t\t\t\t\t<div class=\"news-one__date-box\">\r\n\t\t\t\t\t\t\t\t\t\t<p>30 Mar<\/p>\r\n\t\t\t\t\t\t\t\t\t<\/div>\r\n\t\t\t\t\t\t\t\t\t\t\t\t\t\t\t<\/div>\r\n\t\t\t\t\t\t<\/div>\r\n\t\t\t\t\t<\/div>\r\n\t\t\t\t\t\t\t\t\t<div class=\"col-xl-4 col-lg-4 \">\r\n\t\t\t\t\t\t<!--News One Single-->\r\n\t\t\t\t\t\t<div class=\"news-one__single \">\r\n\t\t\t\t\t\t\t\t\t\t\t\t\t\t\t<div class=\"news-one__img\">\r\n\t\t\t\t\t\t\t\t\t<img loading=\"lazy\" decoding=\"async\" width=\"370\" height=\"336\" src=\"https:\/\/ambireglobal.com\/wp-content\/uploads\/2025\/01\/CCAC-IG3-370x336.png\" class=\"attachment-aivons_blog_370X336 size-aivons_blog_370X336 wp-post-image\" alt=\"\" \/>\t\t\t\t\t\t\t\t\t<a href=\"https:\/\/ambireglobal.com\/es\/abc-de-la-tecnologia-de-la-mosca-soldado-negra-en-la-produccion-de-proteina-sostenible-parte-ii\/\">\r\n\t\t\t\t\t\t\t\t\t\t<span class=\"news-one__plus\"><\/span>\r\n\t\t\t\t\t\t\t\t\t<\/a>\r\n\t\t\t\t\t\t\t\t<\/div>\r\n\t\t\t\t\t\t\t\t\t\t\t\t\t\t<div class=\"news-one__content \">\r\n\t\t\t\t\t\t\t\t<ul class=\"list-unstyled news-one__meta\">\r\n\t\t\t\t\t\t\t\t\t<li><span class=\"byline\"><i class=\"far fa-user-circle\"><\/i> <span class=\"author vcard\"><a class=\"url fn n\" href=\"https:\/\/ambireglobal.com\/es\/author\/vishwas\/\">Vishwas Vidyaranya<\/a><\/span><\/span><\/li>\r\n\t\t\t\t\t\t\t\t\t\t\t\t\t\t\t\t\t<\/ul>\r\n\t\t\t\t\t\t\t\t<h3 class=\"news-one__title\">\r\n\t\t\t\t\t\t\t\t\t<a href=\"https:\/\/ambireglobal.com\/es\/abc-de-la-tecnologia-de-la-mosca-soldado-negra-en-la-produccion-de-proteina-sostenible-parte-ii\/\">ABC de la tecnolog\u00eda de la Mosca Soldado Negra en la producci\u00f3n de prote\u00edna sostenible &#8211; Parte II<\/a>\r\n\t\t\t\t\t\t\t\t<\/h3>\r\n\t\t\t\t\t\t\t\t<p class=\"news-one__text\">\r\n\t\t\t\t\t\t\t\t\tContinuaremos explorando fascinantes aspectos de esta innovadora t\u00e9cnica, desde la cr\u00eda sostenible en\t\t\t\t\t\t\t\t<\/p>\r\n\t\t\t\t\t\t\t\t<a href=\"https:\/\/ambireglobal.com\/es\/abc-de-la-tecnologia-de-la-mosca-soldado-negra-en-la-produccion-de-proteina-sostenible-parte-ii\/\" class=\"news-one__btn\">Leer m\u00e1s<\/a>\r\n\t\t\t\t\t\t\t\t\t\t\t\t\t\t\t\t\t<div class=\"news-one__date-box\">\r\n\t\t\t\t\t\t\t\t\t\t<p>22 Ene<\/p>\r\n\t\t\t\t\t\t\t\t\t<\/div>\r\n\t\t\t\t\t\t\t\t\t\t\t\t\t\t\t<\/div>\r\n\t\t\t\t\t\t<\/div>\r\n\t\t\t\t\t<\/div>\r\n\t\t\t\t\t\t\t\t\t<div class=\"col-xl-4 col-lg-4 \">\r\n\t\t\t\t\t\t<!--News One Single-->\r\n\t\t\t\t\t\t<div class=\"news-one__single \">\r\n\t\t\t\t\t\t\t\t\t\t\t\t\t\t\t<div class=\"news-one__img\">\r\n\t\t\t\t\t\t\t\t\t<img loading=\"lazy\" decoding=\"async\" width=\"370\" height=\"336\" src=\"https:\/\/ambireglobal.com\/wp-content\/uploads\/2025\/01\/CCAC-IG3-370x336.png\" class=\"attachment-aivons_blog_370X336 size-aivons_blog_370X336 wp-post-image\" alt=\"\" \/>\t\t\t\t\t\t\t\t\t<a href=\"https:\/\/ambireglobal.com\/es\/abc-de-la-tecnologia-de-la-mosca-soldado-negra-en-la-produccion-de-proteina-sostenible\/\">\r\n\t\t\t\t\t\t\t\t\t\t<span class=\"news-one__plus\"><\/span>\r\n\t\t\t\t\t\t\t\t\t<\/a>\r\n\t\t\t\t\t\t\t\t<\/div>\r\n\t\t\t\t\t\t\t\t\t\t\t\t\t\t<div class=\"news-one__content \">\r\n\t\t\t\t\t\t\t\t<ul class=\"list-unstyled news-one__meta\">\r\n\t\t\t\t\t\t\t\t\t<li><span class=\"byline\"><i class=\"far fa-user-circle\"><\/i> <span class=\"author vcard\"><a class=\"url fn n\" href=\"https:\/\/ambireglobal.com\/es\/author\/vishwas\/\">Vishwas Vidyaranya<\/a><\/span><\/span><\/li>\r\n\t\t\t\t\t\t\t\t\t\t\t\t\t\t\t\t\t<\/ul>\r\n\t\t\t\t\t\t\t\t<h3 class=\"news-one__title\">\r\n\t\t\t\t\t\t\t\t\t<a href=\"https:\/\/ambireglobal.com\/es\/abc-de-la-tecnologia-de-la-mosca-soldado-negra-en-la-produccion-de-proteina-sostenible\/\">ABC de la tecnolog\u00eda de la Mosca Soldado Negra en la producci\u00f3n de prote\u00edna sostenible<\/a>\r\n\t\t\t\t\t\t\t\t<\/h3>\r\n\t\t\t\t\t\t\t\t<p class=\"news-one__text\">\r\n\t\t\t\t\t\t\t\t\tAcomp\u00e1\u00f1anos a revisar algunos conceptos de la Mosca Soldado Negra, para aprender y\t\t\t\t\t\t\t\t<\/p>\r\n\t\t\t\t\t\t\t\t<a href=\"https:\/\/ambireglobal.com\/es\/abc-de-la-tecnologia-de-la-mosca-soldado-negra-en-la-produccion-de-proteina-sostenible\/\" class=\"news-one__btn\">Leer m\u00e1s<\/a>\r\n\t\t\t\t\t\t\t\t\t\t\t\t\t\t\t\t\t<div class=\"news-one__date-box\">\r\n\t\t\t\t\t\t\t\t\t\t<p>16 Ene<\/p>\r\n\t\t\t\t\t\t\t\t\t<\/div>\r\n\t\t\t\t\t\t\t\t\t\t\t\t\t\t\t<\/div>\r\n\t\t\t\t\t\t<\/div>\r\n\t\t\t\t\t<\/div>\r\n\t\t\t\t\t\t\t\t\t<div class=\"col-xl-4 col-lg-4 \">\r\n\t\t\t\t\t\t<!--News One Single-->\r\n\t\t\t\t\t\t<div class=\"news-one__single \">\r\n\t\t\t\t\t\t\t\t\t\t\t\t\t\t\t<div class=\"news-one__img\">\r\n\t\t\t\t\t\t\t\t\t<img loading=\"lazy\" decoding=\"async\" width=\"370\" height=\"336\" src=\"https:\/\/ambireglobal.com\/wp-content\/uploads\/2024\/12\/6-370x336.png\" class=\"attachment-aivons_blog_370X336 size-aivons_blog_370X336 wp-post-image\" alt=\"\" \/>\t\t\t\t\t\t\t\t\t<a href=\"https:\/\/ambireglobal.com\/es\/la-mosca-soldado-negra-y-su-contribucion-a-la-valorizacion-de-los-residuos-organicos\/\">\r\n\t\t\t\t\t\t\t\t\t\t<span class=\"news-one__plus\"><\/span>\r\n\t\t\t\t\t\t\t\t\t<\/a>\r\n\t\t\t\t\t\t\t\t<\/div>\r\n\t\t\t\t\t\t\t\t\t\t\t\t\t\t<div class=\"news-one__content \">\r\n\t\t\t\t\t\t\t\t<ul class=\"list-unstyled news-one__meta\">\r\n\t\t\t\t\t\t\t\t\t<li><span class=\"byline\"><i class=\"far fa-user-circle\"><\/i> <span class=\"author vcard\"><a class=\"url fn n\" href=\"https:\/\/ambireglobal.com\/es\/author\/vishwas\/\">Vishwas Vidyaranya<\/a><\/span><\/span><\/li>\r\n\t\t\t\t\t\t\t\t\t\t\t\t\t\t\t\t\t<\/ul>\r\n\t\t\t\t\t\t\t\t<h3 class=\"news-one__title\">\r\n\t\t\t\t\t\t\t\t\t<a href=\"https:\/\/ambireglobal.com\/es\/la-mosca-soldado-negra-y-su-contribucion-a-la-valorizacion-de-los-residuos-organicos\/\">La Mosca Soldado Negra y su contribuci\u00f3n a la valorizaci\u00f3n de los residuos org\u00e1nicos<\/a>\r\n\t\t\t\t\t\t\t\t<\/h3>\r\n\t\t\t\t\t\t\t\t<p class=\"news-one__text\">\r\n\t\t\t\t\t\t\t\t\tLa Mosca Soldado Negra, o &quot;Hermetia illucens&quot;, es un insecto apto para la\t\t\t\t\t\t\t\t<\/p>\r\n\t\t\t\t\t\t\t\t<a href=\"https:\/\/ambireglobal.com\/es\/la-mosca-soldado-negra-y-su-contribucion-a-la-valorizacion-de-los-residuos-organicos\/\" class=\"news-one__btn\">Leer m\u00e1s<\/a>\r\n\t\t\t\t\t\t\t\t\t\t\t\t\t\t\t\t\t<div class=\"news-one__date-box\">\r\n\t\t\t\t\t\t\t\t\t\t<p>20 Dic<\/p>\r\n\t\t\t\t\t\t\t\t\t<\/div>\r\n\t\t\t\t\t\t\t\t\t\t\t\t\t\t\t<\/div>\r\n\t\t\t\t\t\t<\/div>\r\n\t\t\t\t\t<\/div>\r\n\t\t\t\t\t\t\t\t\t<div class=\"col-xl-4 col-lg-4 \">\r\n\t\t\t\t\t\t<!--News One Single-->\r\n\t\t\t\t\t\t<div class=\"news-one__single \">\r\n\t\t\t\t\t\t\t\t\t\t\t\t\t\t\t<div class=\"news-one__img\">\r\n\t\t\t\t\t\t\t\t\t<img loading=\"lazy\" decoding=\"async\" width=\"370\" height=\"336\" src=\"https:\/\/ambireglobal.com\/wp-content\/uploads\/2025\/07\/848_PM_NaKoMo-3Jahre-848x430-1-370x336.jpg\" class=\"attachment-aivons_blog_370X336 size-aivons_blog_370X336 wp-post-image\" alt=\"\" \/>\t\t\t\t\t\t\t\t\t<a href=\"https:\/\/ambireglobal.com\/es\/sustainable-mobility-driving-the-future-towards-a-greener-world\/\">\r\n\t\t\t\t\t\t\t\t\t\t<span class=\"news-one__plus\"><\/span>\r\n\t\t\t\t\t\t\t\t\t<\/a>\r\n\t\t\t\t\t\t\t\t<\/div>\r\n\t\t\t\t\t\t\t\t\t\t\t\t\t\t<div class=\"news-one__content \">\r\n\t\t\t\t\t\t\t\t<ul class=\"list-unstyled news-one__meta\">\r\n\t\t\t\t\t\t\t\t\t<li><span class=\"byline\"><i class=\"far fa-user-circle\"><\/i> <span class=\"author vcard\"><a class=\"url fn n\" href=\"https:\/\/ambireglobal.com\/es\/author\/vishwas\/\">Vishwas Vidyaranya<\/a><\/span><\/span><\/li>\r\n\t\t\t\t\t\t\t\t\t\t\t\t\t\t\t\t\t<\/ul>\r\n\t\t\t\t\t\t\t\t<h3 class=\"news-one__title\">\r\n\t\t\t\t\t\t\t\t\t<a href=\"https:\/\/ambireglobal.com\/es\/sustainable-mobility-driving-the-future-towards-a-greener-world\/\">Sustainable Mobility: driving the future towards a greener world<\/a>\r\n\t\t\t\t\t\t\t\t<\/h3>\r\n\t\t\t\t\t\t\t\t<p class=\"news-one__text\">\r\n\t\t\t\t\t\t\t\t\tMobility is an essential aspect of modern life, and with the increase in\t\t\t\t\t\t\t\t<\/p>\r\n\t\t\t\t\t\t\t\t<a href=\"https:\/\/ambireglobal.com\/es\/sustainable-mobility-driving-the-future-towards-a-greener-world\/\" class=\"news-one__btn\">Leer m\u00e1s<\/a>\r\n\t\t\t\t\t\t\t\t\t\t\t\t\t\t\t\t\t<div class=\"news-one__date-box\">\r\n\t\t\t\t\t\t\t\t\t\t<p>16 Feb<\/p>\r\n\t\t\t\t\t\t\t\t\t<\/div>\r\n\t\t\t\t\t\t\t\t\t\t\t\t\t\t\t<\/div>\r\n\t\t\t\t\t\t<\/div>\r\n\t\t\t\t\t<\/div>\r\n\t\t\t\t\t\t\t\t\t<div class=\"col-xl-4 col-lg-4 \">\r\n\t\t\t\t\t\t<!--News One Single-->\r\n\t\t\t\t\t\t<div class=\"news-one__single \">\r\n\t\t\t\t\t\t\t\t\t\t\t\t\t\t\t<div class=\"news-one__img\">\r\n\t\t\t\t\t\t\t\t\t<img loading=\"lazy\" decoding=\"async\" width=\"370\" height=\"336\" src=\"https:\/\/ambireglobal.com\/wp-content\/uploads\/2025\/07\/Green-Hydrogen-Supply-Chain-370x336.jpg\" class=\"attachment-aivons_blog_370X336 size-aivons_blog_370X336 wp-post-image\" alt=\"\" \/>\t\t\t\t\t\t\t\t\t<a href=\"https:\/\/ambireglobal.com\/es\/green-hydrogen-a-clean-energy-to-look-forward-to-in-2023\/\">\r\n\t\t\t\t\t\t\t\t\t\t<span class=\"news-one__plus\"><\/span>\r\n\t\t\t\t\t\t\t\t\t<\/a>\r\n\t\t\t\t\t\t\t\t<\/div>\r\n\t\t\t\t\t\t\t\t\t\t\t\t\t\t<div class=\"news-one__content \">\r\n\t\t\t\t\t\t\t\t<ul class=\"list-unstyled news-one__meta\">\r\n\t\t\t\t\t\t\t\t\t<li><span class=\"byline\"><i class=\"far fa-user-circle\"><\/i> <span class=\"author vcard\"><a class=\"url fn n\" href=\"https:\/\/ambireglobal.com\/es\/author\/vishwas\/\">Vishwas Vidyaranya<\/a><\/span><\/span><\/li>\r\n\t\t\t\t\t\t\t\t\t\t\t\t\t\t\t\t\t<\/ul>\r\n\t\t\t\t\t\t\t\t<h3 class=\"news-one__title\">\r\n\t\t\t\t\t\t\t\t\t<a href=\"https:\/\/ambireglobal.com\/es\/green-hydrogen-a-clean-energy-to-look-forward-to-in-2023\/\">Green Hydrogen, a clean energy to look forward to in 2023<\/a>\r\n\t\t\t\t\t\t\t\t<\/h3>\r\n\t\t\t\t\t\t\t\t<p class=\"news-one__text\">\r\n\t\t\t\t\t\t\t\t\tHydrogen is lightweight, can be stored and does not generate polluting emissions by\t\t\t\t\t\t\t\t<\/p>\r\n\t\t\t\t\t\t\t\t<a href=\"https:\/\/ambireglobal.com\/es\/green-hydrogen-a-clean-energy-to-look-forward-to-in-2023\/\" class=\"news-one__btn\">Leer m\u00e1s<\/a>\r\n\t\t\t\t\t\t\t\t\t\t\t\t\t\t\t\t\t<div class=\"news-one__date-box\">\r\n\t\t\t\t\t\t\t\t\t\t<p>24 Ene<\/p>\r\n\t\t\t\t\t\t\t\t\t<\/div>\r\n\t\t\t\t\t\t\t\t\t\t\t\t\t\t\t<\/div>\r\n\t\t\t\t\t\t<\/div>\r\n\t\t\t\t\t<\/div>\r\n\t\t\t\t\t\t\t\t\t<div class=\"col-xl-4 col-lg-4 \">\r\n\t\t\t\t\t\t<!--News One Single-->\r\n\t\t\t\t\t\t<div class=\"news-one__single \">\r\n\t\t\t\t\t\t\t\t\t\t\t\t\t\t\t<div class=\"news-one__img\">\r\n\t\t\t\t\t\t\t\t\t<img loading=\"lazy\" decoding=\"async\" width=\"370\" height=\"336\" src=\"https:\/\/ambireglobal.com\/wp-content\/uploads\/2025\/07\/shutterstock_554954539-370x336.jpg\" class=\"attachment-aivons_blog_370X336 size-aivons_blog_370X336 wp-post-image\" alt=\"\" \/>\t\t\t\t\t\t\t\t\t<a href=\"https:\/\/ambireglobal.com\/es\/sistemas-descentralizados-de-residuos-organicos\/\">\r\n\t\t\t\t\t\t\t\t\t\t<span class=\"news-one__plus\"><\/span>\r\n\t\t\t\t\t\t\t\t\t<\/a>\r\n\t\t\t\t\t\t\t\t<\/div>\r\n\t\t\t\t\t\t\t\t\t\t\t\t\t\t<div class=\"news-one__content \">\r\n\t\t\t\t\t\t\t\t<ul class=\"list-unstyled news-one__meta\">\r\n\t\t\t\t\t\t\t\t\t<li><span class=\"byline\"><i class=\"far fa-user-circle\"><\/i> <span class=\"author vcard\"><a class=\"url fn n\" href=\"https:\/\/ambireglobal.com\/es\/author\/vishwas\/\">Vishwas Vidyaranya<\/a><\/span><\/span><\/li>\r\n\t\t\t\t\t\t\t\t\t\t\t\t\t\t\t\t\t<\/ul>\r\n\t\t\t\t\t\t\t\t<h3 class=\"news-one__title\">\r\n\t\t\t\t\t\t\t\t\t<a href=\"https:\/\/ambireglobal.com\/es\/sistemas-descentralizados-de-residuos-organicos\/\">Sistemas descentralizados de residuos org\u00e1nicos<\/a>\r\n\t\t\t\t\t\t\t\t<\/h3>\r\n\t\t\t\t\t\t\t\t<p class=\"news-one__text\">\r\n\t\t\t\t\t\t\t\t\tLos sistemas descentralizados se definen como procesos de tratamientos de residuos ubicados cerca\t\t\t\t\t\t\t\t<\/p>\r\n\t\t\t\t\t\t\t\t<a href=\"https:\/\/ambireglobal.com\/es\/sistemas-descentralizados-de-residuos-organicos\/\" class=\"news-one__btn\">Leer m\u00e1s<\/a>\r\n\t\t\t\t\t\t\t\t\t\t\t\t\t\t\t\t\t<div class=\"news-one__date-box\">\r\n\t\t\t\t\t\t\t\t\t\t<p>13 Dic<\/p>\r\n\t\t\t\t\t\t\t\t\t<\/div>\r\n\t\t\t\t\t\t\t\t\t\t\t\t\t\t\t<\/div>\r\n\t\t\t\t\t\t<\/div>\r\n\t\t\t\t\t<\/div>\r\n\t\t\t\t\t\t\t\t\t\t\t\t\t<div class=\"col-lg-12\">\r\n\t\t\t\t\t\t<div class=\"blog-pagination portfolio-page__btn-box text-center\">\r\n\t\t\t\t\t\t\t<span class=\"page-numbers current\">1<\/span>\n<a class=\"page-numbers\" href=\"https:\/\/ambireglobal.com\/es\/wp-json\/wp\/v2\/pages\/38\/page\/2\/\">2<\/a>\n<a class=\"page-numbers\" href=\"https:\/\/ambireglobal.com\/es\/wp-json\/wp\/v2\/pages\/38\/page\/3\/\">3<\/a>\n<a class=\"next page-numbers\" href=\"https:\/\/ambireglobal.com\/es\/wp-json\/wp\/v2\/pages\/38\/page\/2\/\"><i class=\"fa fa-angle-right\"><\/i><\/a>\t\t\t\t\t\t<\/div><!-- \/.blog-post-pagination -->\r\n\t\t\t\t\t<\/div><!-- \/.col-lg-12 -->\r\n\t\t\t\t\t\t\t\t\t\t\t<\/div>\r\n\t\t<\/div>\r\n\t<\/section>\r\n\t<!--News One End-->\r\n\r\n\t\t\t\t<\/div>\n\t\t\t\t<\/div>\n\t\t\t\t\t<\/div>\n\t\t<\/div>\n\t\t\t\t\t<\/div>\n\t\t<\/section>\n\t\t\t\t<\/div>\n\t\t","protected":false},"excerpt":{"rendered":"<p>Vishwas Vidyaranya ABC de la tecnolog\u00eda de la Mosca Soldado Negra en la producci\u00f3n de prote\u00edna sostenible &#8211; Parte II Continuaremos explorando fascinantes aspectos de esta innovadora t\u00e9cnica, desde la cr\u00eda sostenible en Leer m\u00e1s 22 Ene Vishwas Vidyaranya ABC de la tecnolog\u00eda de la Mosca Soldado Negra en la producci\u00f3n de prote\u00edna sostenible Acomp\u00e1\u00f1anos [&hellip;]<\/p>\n","protected":false},"author":1,"featured_media":0,"parent":0,"menu_order":0,"comment_status":"closed","ping_status":"closed","template":"elementor_header_footer","meta":{"inline_featured_image":false,"footnotes":""},"class_list":["post-38","page","type-page","status-publish","hentry"],"_links":{"self":[{"href":"https:\/\/ambireglobal.com\/es\/wp-json\/wp\/v2\/pages\/38","targetHints":{"allow":["GET"]}}],"collection":[{"href":"https:\/\/ambireglobal.com\/es\/wp-json\/wp\/v2\/pages"}],"about":[{"href":"https:\/\/ambireglobal.com\/es\/wp-json\/wp\/v2\/types\/page"}],"author":[{"embeddable":true,"href":"https:\/\/ambireglobal.com\/es\/wp-json\/wp\/v2\/users\/1"}],"replies":[{"embeddable":true,"href":"https:\/\/ambireglobal.com\/es\/wp-json\/wp\/v2\/comments?post=38"}],"version-history":[{"count":6,"href":"https:\/\/ambireglobal.com\/es\/wp-json\/wp\/v2\/pages\/38\/revisions"}],"predecessor-version":[{"id":3242,"href":"https:\/\/ambireglobal.com\/es\/wp-json\/wp\/v2\/pages\/38\/revisions\/3242"}],"wp:attachment":[{"href":"https:\/\/ambireglobal.com\/es\/wp-json\/wp\/v2\/media?parent=38"}],"curies":[{"name":"wp","href":"https:\/\/api.w.org\/{rel}","templated":true}]}}